{"id":53312,"date":"2025-02-22T12:25:44","date_gmt":"2025-02-22T12:25:44","guid":{"rendered":"https:\/\/medsexporter.com\/?post_type=product&#038;p=53312"},"modified":"2025-02-22T12:28:57","modified_gmt":"2025-02-22T12:28:57","slug":"modalert-200-mg-copy","status":"publish","type":"product","link":"https:\/\/www.medsexporter.com\/es\/product\/modalert-200-mg-copy\/","title":{"rendered":"Modalert 200 mg (Copy)"},"content":{"rendered":"\n<h2 class=\"wp-block-heading\"><strong>\u00bfQu\u00e9 es la pastilla inteligente Modalert 200 mg?<\/strong><\/h2>\n\n\n\n<p>La tableta Modalert 200 mg es m\u00e1s conocida como un medicamento inteligente, gracias a la mejora cognitiva de alto impacto que crea. Adem\u00e1s, es un antiguo tratamiento para la narcolepsia (un trastorno del sue\u00f1o) con el que los pacientes experimentan somnolencia diurna excesiva debido a la interrupci\u00f3n de las rutinas de sue\u00f1o.<\/p>\n\n\n\n<p>Este medicamento oral contiene modafinilo como ingrediente activo principal y se comercializa como Provigil. \u00bfEst\u00e1 dispuesto a obtener una cotizaci\u00f3n personalizada de un fabricante l\u00edder de comprimidos de modafinilo para obtener el nootr\u00f3pico de mejor calidad?<\/p>\n\n\n\n<h2 class=\"wp-block-heading\"><strong>\u00bfC\u00f3mo funciona el cerebro?<\/strong><\/h2>\n\n\n\n<p>El modafinilo presente en los comprimidos Modalert 200 y Modvigil 200 aumenta los niveles extracelulares de ciertas hormonas en el cerebro, como la serotonina, la histamina, el glutamato y la orexina. Tambi\u00e9n disminuye la liberaci\u00f3n de \u00e1cido gamma-aminobut\u00edrico, lo que provoca una fatiga m\u00ednima y mantiene altos los niveles de energ\u00eda y la actividad durante todo el d\u00eda.<\/p>\n\n\n\n<h2 class=\"wp-block-heading\"><strong>\u00bfC\u00f3mo ayuda la tableta Modalert a aumentar la productividad?<\/strong><\/h2>\n\n\n\n<p>El nootr\u00f3pico Modalert aumenta la productividad al afectar a los mensajeros qu\u00edmicos del cerebro: la dopamina y la noradrenalina. Estos neurotransmisores regulan el estado de \u00e1nimo, la energ\u00eda y la productividad de las personas. Al aumentar sus funciones, esta p\u00edldora inteligente garantiza que el usuario sea muy productivo, est\u00e9 muy concentrado, alerta y activo, tome mejores decisiones, tenga un mejor estado de \u00e1nimo y energ\u00eda y no sienta ning\u00fan per\u00edodo de inactividad hasta las 15 horas.<\/p>\n\n\n\n<h2 class=\"wp-block-heading\"><strong>Ventajas de Modalert<\/strong><\/h2>\n\n\n\n<ul class=\"wp-block-list\">\n<li>Trata eficazmente la narcolepsia<\/li>\n\n\n\n<li>Proporciona una excelente mejora cognitiva.<\/li>\n\n\n\n<li>Aumenta la productividad y la energ\u00eda del estado de \u00e1nimo.<\/li>\n\n\n\n<li>Permanece efectivo hasta por 15 horas.<\/li>\n\n\n\n<li>Seguro para su uso entre todos los adultos (si se prescribe)<\/li>\n<\/ul>\n\n\n\n<h2 class=\"wp-block-heading\"><strong>Modalert (modafinilo) &#8211; Exportador al por mayor fiable y mundial<\/strong><\/h2>\n\n\n\n<p>\u00a1Si usted busca la mejor calidad Modalert para la venta, es aqu\u00ed en <strong>MedsExporter.com<\/strong>! Con los a\u00f1os, hemos ganado una reputaci\u00f3n en la industria farmac\u00e9utica y creado un legado que sigue. La mayor\u00eda de nuestros medicamentos son de fabricaci\u00f3n propia o adquiridos de empresas farmac\u00e9uticas reconocidas a nivel mundial. Garantizamos los mejores precios para nuestros productos para permitirle obtener generosos beneficios vendiendo medicamentos de calidad 100% garantizada. Al fin y al cabo, nuestros medicamentos funcionan eficazmente y benefician a los usuarios finales, lo que aumenta la satisfacci\u00f3n del cliente. \u00bfListo para asociarse?<\/p>\n\n\n\n<h2 class=\"wp-block-heading\"><strong>Precio y envase de Modalert 200 mg<\/strong><\/h2>\n\n\n\n<p>El discreto envase de este f\u00e1rmaco est\u00e1 dise\u00f1ado teniendo en cuenta su mayor vida \u00fatil y la eficacia intacta del mismo. Tambi\u00e9n garantizamos los mejores precios de Modalert 200 mg en l\u00ednea. Para obtener un presupuesto a medida, p\u00f3ngase en contacto con nosotros con la funci\u00f3n de formulario de consulta, como se ve en la parte superior de la pantalla.<\/p>\n\n\n\n<h2 class=\"wp-block-heading\"><strong>Obtenga el servicio r\u00e1pido de exportaci\u00f3n de Modalert<\/strong><\/h2>\n\n\n\n<p>Es el exportador mundial de Modalert desde hace a\u00f1os, por lo que puede esperar una entrega r\u00e1pida y segura. Nuestro mayor esfuerzo es hacer que los productos lleguen antes de lo esperado para lograr un tiempo de entrega r\u00e1pido y una gesti\u00f3n de suministro eficaz.<\/p>\n\n\n\n<h2 class=\"wp-block-heading\"><strong>\u00bfCu\u00e1les son las condiciones de almacenamiento recomendadas?<\/strong><\/h2>\n\n\n\n<p>Nuestro proveedor de Modalert puede mantener las mejores condiciones de los medicamentos que nos ha comprado con pr\u00e1cticas sencillas. Usted tambi\u00e9n puede seguirlas para garantizar las mejores condiciones de almacenamiento.<\/p>\n\n\n\n<ul class=\"wp-block-list\">\n<li>Gu\u00e1rdelo en un lugar fresco y seco.<\/li>\n\n\n\n<li>Mantener alejado de la humedad y la luz solar.<\/li>\n\n\n\n<li>Realizar un seguimiento de la fecha de caducidad de los productos con registros adecuados<\/li>\n<\/ul>\n\n\n\n<h2 class=\"wp-block-heading\"><strong>Atenci\u00f3n al cliente 24 horas al d\u00eda, 7 d\u00edas a la semana<\/strong><\/h2>\n\n\n\n<p>A medida que avanza con su compra en l\u00ednea de Modalert en MedsExporter.com, nuestro objetivo es que sea una experiencia que valga la pena. Con un servicio de atenci\u00f3n al cliente activo disponible las 24 horas, los 7 d\u00edas de la semana, ofrecemos nuestra ayuda siempre que nos necesite.<\/p>\n\n\n\n<h2 class=\"wp-block-heading\"><strong>Preguntas frecuentes<\/strong><\/h2>\n\n\n\n<h3 class=\"wp-block-heading\"><strong>\u00bfC\u00f3mo ayuda tratar la narcolepsia?<\/strong><\/h3>\n\n\n\n<p>El contenido de modafinilo en la tableta Modalert 200 mg realiza una estimulaci\u00f3n cerebral para mantener al usuario completamente alerta y despierto. Esto ayuda a regular el ciclo normal del sue\u00f1o aliviando las anomal\u00edas (s\u00edntomas de narcolepsia). Los h\u00e1bitos de sue\u00f1o del paciente mejoran y tambi\u00e9n lo hace su calidad de vida.<\/p>\n\n\n\n<h3 class=\"wp-block-heading\"><strong>\u00bfPor qu\u00e9 la gente usa Modalert 200 mg para mejorar el rendimiento cognitivo general?<\/strong><\/h3>\n\n\n\n<p>La p\u00edldora inteligente Modalert mejora la cognici\u00f3n al estimular los neurotransmisores del cerebro llamados dopamina y noradrenalina. Esto conduce a un aumento de la concentraci\u00f3n y la memoria, una mayor actividad cerebral, mejoras en el estado de \u00e1nimo, una mejor toma de decisiones, etc.<\/p>\n\n\n\n<h3 class=\"wp-block-heading\"><strong>\u00bfEs seguro para el uso diario?<\/strong><\/h3>\n\n\n\n<p>Se puede recetar la p\u00edldora Modalert para su uso diario (una vez por la ma\u00f1ana) durante un per\u00edodo de tratamiento espec\u00edfico si se recomienda para la narcolepsia. Para mejorar el rendimiento cognitivo, es mejor tomarla dos o tres veces por semana, ya que de lo contrario puede generar adicci\u00f3n.<\/p>\n\n\n\n<h3 class=\"wp-block-heading\"><strong>\u00bfCu\u00e1nto dura el efecto Modalert?<\/strong><\/h3>\n\n\n\n<p>El efecto de Modalert 200 mg suele durar entre 10 y 15 horas, aunque la duraci\u00f3n puede variar de una persona a otra.<\/p>\n\n\n\n<h3 class=\"wp-block-heading\"><strong>\u00bfC\u00f3mo pueden los proveedores de atenci\u00f3n m\u00e9dica realizar pedidos al por mayor de Modalert 200 Mg?<\/strong><\/h3>\n\n\n\n<p>Los proveedores de atenci\u00f3n m\u00e9dica pueden optar por comprar Modalert 200 Mg Comprimido al por mayor en <strong>MedsExporter.com<\/strong> simplemente enviando consultas. Ll\u00e1menos ahora al +91 98 98972449, env\u00edenos un correo electr\u00f3nico a <strong>sales@medsexporter.com<\/strong> o haga clic en la opci\u00f3n \u00abSolicitar una devoluci\u00f3n de llamada\u00bb en su pantalla. Alternativamente, haga clic en \u00abObtener una cotizaci\u00f3n\u00bb como se ve en la parte superior de su pantalla y complete los detalles requeridos. Nuestros ejecutivos le responder\u00e1n lo antes posible.<\/p>\n\n\n\n<h3 class=\"wp-block-heading\"><strong>\u00bfQu\u00e9 otros servicios est\u00e1n disponibles para las empresas que venden p\u00edldoras inteligentes Modalert?<\/strong><\/h3>\n\n\n\n<p><strong>MedsExporter.com<\/strong> podr\u00eda ser su socio farmac\u00e9utico de ventanilla \u00fanica si est\u00e1 buscando una instalaci\u00f3n de fabricaci\u00f3n por contrato, servicios de almacenamiento o un servicio fiable de fabricaci\u00f3n por terceros en la India. Para m\u00e1s informaci\u00f3n, \u00a1cont\u00e1ctenos ahora!<\/p>\n\n\n\n<h3 class=\"wp-block-heading\">\u00bfQu\u00e9 m\u00e9todos de pago aceptan?<\/h3>\n\n\n\n<p>Preferimos las transferencias bancarias para realizar transacciones r\u00e1pidas y seguras. Ayuda a procesar los pedidos con rapidez, eliminando as\u00ed los riesgos relacionados con las transacciones en ambos extremos.<\/p>\n","protected":false},"excerpt":{"rendered":"<div class=\"mb-s text-compact\">\r\n<div class=\"flex flex-grow flex-col max-w-full\">\r\n<div class=\"min-h-[20px] text-message flex w-full flex-col items-end gap-2 whitespace-pre-wrap break-words [.text-message+&amp;]:mt-5 overflow-x-auto\" dir=\"auto\" data-message-author-role=\"assistant\" data-message-id=\"ccc9090b-35a0-4985-8b5d-14ddc829df17\">\r\n<div class=\"flex w-full flex-col gap-1 empty:hidden first:pt-[3px]\">\r\n<div class=\"markdown prose w-full break-words dark:prose-invert light\">Modalert 200 mg se utiliza para tratar la somnolencia diurna excesiva causada por la narcolepsia. Compre Modalert, un medicamento que le ayuda a mantenerse despierto. MedsExporter es uno de los mejores fabricantes, exportadores, distribuidores, mayoristas y proveedores de Modalert 200 mg comprimidos a un precio barato en la India.<\/div>\r\n<\/div>\r\n<\/div>\r\n<\/div>\r\n<\/div>","protected":false},"featured_media":53322,"template":"","meta":{"_glsr_average":0,"_glsr_ranking":0,"_glsr_reviews":0},"product_brand":[],"product_cat":[4065],"product_tag":[],"product_form":[4097],"class_list":{"0":"post-53312","1":"product","2":"type-product","3":"status-publish","4":"has-post-thumbnail","6":"product_cat-fabricante-de-pildoras-inteligentes-en-india","7":"product_form-fabricante-de-tabletas-en-india","9":"first","10":"instock","11":"shipping-taxable","12":"product-type-simple"},"_links":{"self":[{"href":"https:\/\/www.medsexporter.com\/es\/wp-json\/wp\/v2\/product\/53312","targetHints":{"allow":["GET"]}}],"collection":[{"href":"https:\/\/www.medsexporter.com\/es\/wp-json\/wp\/v2\/product"}],"about":[{"href":"https:\/\/www.medsexporter.com\/es\/wp-json\/wp\/v2\/types\/product"}],"wp:featuredmedia":[{"embeddable":true,"href":"https:\/\/www.medsexporter.com\/es\/wp-json\/wp\/v2\/media\/53322"}],"wp:attachment":[{"href":"https:\/\/www.medsexporter.com\/es\/wp-json\/wp\/v2\/media?parent=53312"}],"wp:term":[{"taxonomy":"product_brand","embeddable":true,"href":"https:\/\/www.medsexporter.com\/es\/wp-json\/wp\/v2\/product_brand?post=53312"},{"taxonomy":"product_cat","embeddable":true,"href":"https:\/\/www.medsexporter.com\/es\/wp-json\/wp\/v2\/product_cat?post=53312"},{"taxonomy":"product_tag","embeddable":true,"href":"https:\/\/www.medsexporter.com\/es\/wp-json\/wp\/v2\/product_tag?post=53312"},{"taxonomy":"product_form","embeddable":true,"href":"https:\/\/www.medsexporter.com\/es\/wp-json\/wp\/v2\/product_form?post=53312"}],"curies":[{"name":"wp","href":"https:\/\/api.w.org\/{rel}","templated":true}]}}