{"id":52098,"date":"2024-05-23T05:34:59","date_gmt":"2024-05-23T05:34:59","guid":{"rendered":"https:\/\/medsexporter.com\/product\/testosterone-propionate-manufacturer\/"},"modified":"2024-10-01T03:45:47","modified_gmt":"2024-10-01T03:45:47","slug":"fabricante-de-propionato-de-testosterone","status":"publish","type":"product","link":"https:\/\/medsexporter.com\/es\/product\/fabricante-de-propionato-de-testosterone\/","title":{"rendered":"Fabricante de propionato de testosterone"},"content":{"rendered":"\n<h2 class=\"wp-block-heading\">Descripci\u00f3n general del propionato de testosterona<\/h2>\n\n\n\n<p>El propionato de testosterona es un esteroide inyectable que se utiliza en hombres con diagn\u00f3stico de hipogonadismo, una afecci\u00f3n m\u00e9dica en la que sufren deficiencia de testosterona. Tambi\u00e9n es popular entre los entusiastas del fitness, los atletas y los pacientes masculinos con hipogonadismo, bajo la marca Sustanon 250 mg\/ml.<\/p>\n\n\n\n<p>El propionato de testosterona es una mol\u00e9cula que es un esteroide anab\u00f3lico. Es un tratamiento muy eficaz como parte de la terapia de reemplazo hormonal y, por lo tanto, mejora la calidad de vida de los hombres diagnosticados con esta afecci\u00f3n. Sin embargo, debe usarse bajo supervisi\u00f3n m\u00e9dica y ser aplicado por un profesional de la salud solo durante el per\u00edodo de tratamiento en particular.<\/p>\n\n\n\n<h2 class=\"wp-block-heading\">Usos del propionato de testosterona<\/h2>\n\n\n\n<ul class=\"wp-block-list\">\n<li><strong>Hipogonadismo masculino<\/strong> \u2013 Se utiliza como parte de la terapia de reemplazo hormonal para tratar la deficiencia de testosterona y mejorar la libido, la resistencia y la densidad \u00f3sea en los hombres.<\/li>\n\n\n\n<li><strong>Aparte del hipogonadismo &#8211; <\/strong>Tambi\u00e9n se utiliza en el c\u00e1ncer de mama, la terapia de reemplazo de andr\u00f3genos, el bajo deseo sexual, los problemas de la menopausia y la pubertad.<\/li>\n<\/ul>\n\n\n\n<h2 class=\"wp-block-heading\">Dosis de propionato de testosterona<\/h2>\n\n\n\n<p>La dosis est\u00e1ndar es la de 250 mg\/ml de Sustanon, pero se prescribe de forma diferente en los pacientes varones con hipogonadismo seg\u00fan sus afecciones m\u00e9dicas. Por lo general, se inyecta en d\u00edas alternos y no m\u00e1s de tres veces por semana. El per\u00edodo total de tratamiento con este medicamento no es m\u00e1s de 8 o 12 semanas.<\/p>\n\n\n\n<p>Otras dosis de propionato de testosterona son 25 mg\/ml, 50 mg\/ml y 100 mg\/ml.<\/p>\n\n\n\n<p><strong><u>Nota:<\/u><\/strong> Este inyectable debe aplicarse seg\u00fan las indicaciones de su m\u00e9dico y solo por un profesional m\u00e9dico calificado. No se lo administre usted mismo, ya que podr\u00eda generar un problema de salud.<\/p>\n\n\n\n<h2 class=\"wp-block-heading\">\u00bfC\u00f3mo funciona la testosterona?<\/h2>\n\n\n\n<p>El propionato de testosterona 250 mg\/ml MOA es sencillo. Este inyectable es un potente esteroide anab\u00f3lico. Funciona imitando la testosterona natural del cuerpo masculino. Por lo tanto, supera la deficiencia de testosterona m\u00e1s r\u00e1pido de lo que imagina. Los niveles de testosterona restaurados contribuyen a mejorar la densidad \u00f3sea, la producci\u00f3n de gl\u00f3bulos rojos y el estado de \u00e1nimo. Adem\u00e1s, mejora la libido y tambi\u00e9n mejora las funciones sexuales.<\/p>\n\n\n\n<h2 class=\"wp-block-heading\">Beneficios del propionato de testosterona<\/h2>\n\n\n\n<p><strong>Test Prop para el hipogonadismo masculino tiene estos beneficios excepcionales:<\/strong><\/p>\n\n\n\n<ul class=\"wp-block-list\">\n<li>Mejora el estado de \u00e1nimo<\/li>\n\n\n\n<li>Mejora las funciones cognitivas<\/li>\n\n\n\n<li>Mejora la producci\u00f3n de gl\u00f3bulos rojos<\/li>\n\n\n\n<li>Aumenta la densidad \u00f3sea<\/li>\n\n\n\n<li>Restaura los niveles de testosterona<\/li>\n<\/ul>\n\n\n\n<h2 class=\"wp-block-heading\">Ventajas de comprar al fabricante de propionato de testosterona<\/h2>\n\n\n\n<h3 class=\"wp-block-heading\">Precio personalizado y basado en la ciencia de datos de las ampollas de propionato de testosterona<\/h3>\n\n\n\n<p>Como fabricante de Sustanon 250 mg\/ml, dejamos que la ciencia de datos se encargue de la dif\u00edcil tarea de crear ofertas, descuentos y cotizaciones personalizadas en funci\u00f3n de la cantidad de su pedido, su fidelidad y otros factores similares. El objetivo es generar una sensaci\u00f3n de satisfacci\u00f3n entre nuestros clientes con ofertas y descuentos personalizados. \u00a1Y estamos contentos de estar logrando esto!<\/p>\n\n\n\n<h3 class=\"wp-block-heading\">Proceso de pago sencillo y que ahorra tiempo<\/h3>\n\n\n\n<p>El proceso de pedido es casi tan r\u00e1pido como la luz, ya que es sencillo, transparente y \u00e1gil. Todo lo que tienes que hacer es preguntar por el producto, describir la cantidad que necesitas y realizar el pago de forma segura, y tu pedido se procesar\u00e1 lo antes posible. La mayor\u00eda de los profesionales sanitarios y entrenadores de fitness que ofrecen estas ampollas para culturismo consideran que nuestro sitio web es fiable y c\u00f3modo.<\/p>\n\n\n\n<h3 class=\"wp-block-heading\">F\u00e1cil manejo y transporte de ampollas de propionato de testosterona<\/h3>\n\n\n\n<p>A diferencia de otras presentaciones de medicamentos (p. ej., comprimidos\/c\u00e1psulas orales), las ampollas de Sustanon 250 mg\/ml deben manipularse con cuidado durante el transporte, ya que de lo contrario la calidad del producto se degrada. Por eso, nos encargamos de que su producto llegue en un embalaje discreto a trav\u00e9s de nuestros socios log\u00edsticos de confianza. \u00a1Nunca se quejar\u00e1 por da\u00f1os durante el transporte o por un embalaje inseguro!<\/p>\n\n\n\n<h3 class=\"wp-block-heading\">Entrega r\u00e1pida y segura<\/h3>\n\n\n\n<p>Sabemos que el propionato de testosterona es popular entre los culturistas y los pacientes masculinos con hipogonadismo. \u00a1Una entrega m\u00e1s r\u00e1pida y segura es lo que esperas y tambi\u00e9n lo que obtienes! Tu paquete te llegar\u00e1 a tiempo (seg\u00fan la fecha estimada prometida) y en condiciones seguras. Como somos fabricantes de propionato de testosterona, nunca nos quedamos sin existencias y podemos proporcionarlo en cualquier momento.<\/p>\n\n\n\n<h3 class=\"wp-block-heading\">Se proporciona asistencia al cliente<\/h3>\n\n\n\n<p>En caso de que necesite ayuda con m\u00e1s informaci\u00f3n sobre el producto, tenga alguna duda o inquietud sin resolver o quiera hacernos llegar sus consultas sobre pedidos personalizados, estamos a solo un chat o una llamada de distancia. Si le resulta m\u00e1s c\u00f3modo enviarnos un correo electr\u00f3nico, cont\u00e1ctenos a sales@medsexporter.com.<\/p>\n\n\n\n<h2 class=\"wp-block-heading\">Preguntas frecuentes<\/h2>\n\n\n\n<h3 class=\"wp-block-heading\">\u00bfCu\u00e1l es la dosis recomendada de propionato de testosterona?<\/h3>\n\n\n\n<p>Si bien la dosis recomendada var\u00eda seg\u00fan los requisitos del paciente, se supone que debe ser de 50 a 100 mg cada dos d\u00edas. En el caso de la terapia de reemplazo hormonal, es mejor seguir las recomendaciones de dosis que indique el m\u00e9dico.<\/p>\n\n\n\n<h3 class=\"wp-block-heading\">\u00bfD\u00f3nde inyectar propionato de testosterona?<\/h3>\n\n\n\n<p>Las ampollas de Sustanon 250 mg\/ml se inyectan por v\u00eda intramuscular, principalmente en los muslos, los gl\u00fateos o los deltoides.<\/p>\n\n\n\n<h3 class=\"wp-block-heading\">\u00bfEs segura para ni\u00f1os menores de 18 a\u00f1os?<\/h3>\n\n\n\n<p>No, estas ampollas no son seguras para ni\u00f1os menores de 18 a\u00f1os debido al riesgo potencial de efectos secundarios y desequilibrios hormonales que provocan.<\/p>\n\n\n\n<h3 class=\"wp-block-heading\">\u00bfC\u00f3mo conectar con sus proveedores?<\/h3>\n\n\n\n<p>Compre Sustanon 250 mg\/ml directamente de los mejores proveedores como MedsExporter.com, que tambi\u00e9n es el fabricante de propionato de testosterona. Ofrecemos precios competitivos y garantizamos la m\u00e1xima calidad. \u00bfPor qu\u00e9 no se comunica con nosotros ahora mismo?<\/p>\n\n\n\n<h3 class=\"wp-block-heading\">\u00bfC\u00f3mo reacciona con otro suplemento de culturismo?<\/h3>\n\n\n\n<p>Puede tener interacciones espec\u00edficas con otros suplementos para el culturismo. Si bien funciona mejor con algunos suplementos para el culturismo, es posible que otros no sean tan compatibles. Consulte a su m\u00e9dico antes de combinarlo con otros suplementos.<\/p>\n\n\n\n<h3 class=\"wp-block-heading\">\u00bfCon qu\u00e9 frecuencia inyectar propionato de testosterona?<\/h3>\n\n\n\n<p>En general, las ampollas de Sustanon de 250 mg se inyectan cada dos d\u00edas hasta las doce semanas. No se recomienda utilizar estas inyecciones m\u00e1s all\u00e1 de este per\u00edodo.<\/p>\n\n\n\n<h3 class=\"wp-block-heading\">\u00bfC\u00f3mo deben almacenarse las ampollas de propionato de testosterona?<\/h3>\n\n\n\n<p>Guarde sus ampollas de propionato de testosterona de 250 mg\/ml en un lugar fresco y seco (a una temperatura inferior a 30 grados Celsius). Mant\u00e9ngalas alejadas de la luz solar directa y fuera del alcance de los ni\u00f1os.<\/p>\n","protected":false},"excerpt":{"rendered":"<p>Las inyecciones de esteroides de propionato de testosterona de 250 mg\/ml se utilizan para el tratamiento del hipogonadismo masculino. Compre inyecciones de propionato de testosterona en l\u00ednea de proveedores y distribuidores confiables y fabricantes de propionato de testosterona a precios mayoristas.<\/p>","protected":false},"featured_media":52080,"template":"","meta":{"_glsr_average":0,"_glsr_ranking":0,"_glsr_reviews":0},"product_brand":[],"product_cat":[4029],"product_tag":[],"product_form":[4149],"class_list":{"0":"post-52098","1":"product","2":"type-product","3":"status-publish","4":"has-post-thumbnail","6":"product_cat-otros-medicina-la-fabricante-en-india","7":"product_form-ampolla-fabricantes-en-india","9":"first","10":"instock","11":"shipping-taxable","12":"product-type-simple"},"_links":{"self":[{"href":"https:\/\/medsexporter.com\/es\/wp-json\/wp\/v2\/product\/52098","targetHints":{"allow":["GET"]}}],"collection":[{"href":"https:\/\/medsexporter.com\/es\/wp-json\/wp\/v2\/product"}],"about":[{"href":"https:\/\/medsexporter.com\/es\/wp-json\/wp\/v2\/types\/product"}],"wp:featuredmedia":[{"embeddable":true,"href":"https:\/\/medsexporter.com\/es\/wp-json\/wp\/v2\/media\/52080"}],"wp:attachment":[{"href":"https:\/\/medsexporter.com\/es\/wp-json\/wp\/v2\/media?parent=52098"}],"wp:term":[{"taxonomy":"product_brand","embeddable":true,"href":"https:\/\/medsexporter.com\/es\/wp-json\/wp\/v2\/product_brand?post=52098"},{"taxonomy":"product_cat","embeddable":true,"href":"https:\/\/medsexporter.com\/es\/wp-json\/wp\/v2\/product_cat?post=52098"},{"taxonomy":"product_tag","embeddable":true,"href":"https:\/\/medsexporter.com\/es\/wp-json\/wp\/v2\/product_tag?post=52098"},{"taxonomy":"product_form","embeddable":true,"href":"https:\/\/medsexporter.com\/es\/wp-json\/wp\/v2\/product_form?post=52098"}],"curies":[{"name":"wp","href":"https:\/\/api.w.org\/{rel}","templated":true}]}}