{"id":51959,"date":"2024-05-23T05:13:24","date_gmt":"2024-05-23T05:13:24","guid":{"rendered":"https:\/\/medsexporter.com\/product\/manforce-tablet-sildenafil-citrate\/"},"modified":"2024-09-11T09:04:46","modified_gmt":"2024-09-11T09:04:46","slug":"citrato-de-sildenafil-de-manforce","status":"publish","type":"product","link":"https:\/\/medsexporter.com\/es\/product\/citrato-de-sildenafil-de-manforce\/","title":{"rendered":"Tableta Manforce (citrato de sildenafil)"},"content":{"rendered":"\n<h2 class=\"wp-block-heading\">Manforce (citrato de sildenafil): uso, efectos secundarios, precio<\/h2>\n\n\n\n<p>Para tratar la disfunci\u00f3n er\u00e9ctil (DE) se utiliza un medicamento oral llamado citrato de sildenafil de Manforce. Se toma seg\u00fan sea necesario. Por lo general, aproximadamente una hora antes de tener relaciones sexuales, aunque se puede tomar hasta cuatro horas antes. Tambi\u00e9n conocido como Viagra, no se debe utilizar con m\u00e1s frecuencia que una vez al d\u00eda, ya que esto puede aumentar las probabilidades de sufrir efectos adversos importantes, como presi\u00f3n arterial baja o p\u00e9rdida de la vista.<\/p>\n\n\n\n<h2 class=\"wp-block-heading\">Tableta Manforce: descripci\u00f3n general<\/h2>\n\n\n\n<p>Manforce se considera una de las marcas de confianza en lo que respecta al tratamiento de la disfunci\u00f3n er\u00e9ctil. Contiene citrato de sildenafil. Actualmente, nuestra empresa puede suministrar un mill\u00f3n de comprimidos al mes, consolidando su posici\u00f3n como la mejor soluci\u00f3n del mundo para la disfunci\u00f3n er\u00e9ctil. Adem\u00e1s, producimos 4 comprimidos por tira y 9 comprimidos por tira.<\/p>\n\n\n\n<h2 class=\"wp-block-heading\">\u00bfC\u00f3mo ayuda Manforce Tablet a tratar la disfunci\u00f3n er\u00e9ctil?<\/h2>\n\n\n\n<p>La tableta Manforce es un inhibidor de la fosfodiesterasa-5 (PDE-5). La PDE-5, una sustancia qu\u00edmica que se encuentra en el cuerpo, descompone las sustancias que a menudo provocan una erecci\u00f3n. Al suprimir la PDE-5, la tableta de citrato de sildenafil relaja los m\u00fasculos del pene y hace que el pene se llene de sangre, lo que favorece la erecci\u00f3n.<\/p>\n\n\n\n<h2 class=\"wp-block-heading\">Dosis disponibles de comprimidos de citrato de sildenafil de Manforce<\/h2>\n\n\n\n<ul class=\"wp-block-list\">\n<li><strong>Manforce 50 mg<\/strong><\/li>\n\n\n\n<li><strong>Manforce 100<\/strong><\/li>\n<\/ul>\n\n\n\n<h2 class=\"wp-block-heading\">Conexi\u00f3n con proveedores y distribuidores de Manforce<\/h2>\n\n\n\n<p>Establezca un v\u00ednculo comunicativo fluido con los proveedores y distribuidores de Manforce visitando MedsExporter.com. Aseg\u00farese de recibir un servicio comercial, una entrega a tiempo y un servicio superior para todas sus necesidades comerciales.<\/p>\n\n\n\n<h2 class=\"wp-block-heading\">Ofrece una opci\u00f3n asequible para el tratamiento de la disfunci\u00f3n er\u00e9ctil sin comprometer la calidad.<\/h2>\n\n\n\n<p>Si compra Manforce en l\u00ednea en <strong>MedsExporter.com<\/strong>, ayudar\u00e1 a los hombres a eliminar el problema de la disfunci\u00f3n er\u00e9ctil al ofrecer precios asequibles y mantener la mejor calidad de medicamentos y servicios. Obtenga soluciones m\u00e9dicas de alta calidad a precios asequibles y conf\u00ede en la calidad de los servicios disponibles.<\/p>\n\n\n\n<h2 class=\"wp-block-heading\">Condiciones de pago &#8211; Tableta Manforce (citrato de sildenafil)<\/h2>\n\n\n\n<p>Disponemos de todos los m\u00e9todos de pago, pero la transferencia bancaria es el m\u00e9todo m\u00e1s seguro por eso lo preferimos.<\/p>\n\n\n\n<h2 class=\"wp-block-heading\">Embalaje y suministro<\/h2>\n\n\n\n<p>Los servicios de embalaje garantizan que sus productos lleguen de forma segura, mientras que los servicios de suministro garantizan que la entrega se realice correctamente. Desde el embalaje hasta la cadena de suministro, atendemos las necesidades de su empresa con pr\u00e1cticamente todo el apoyo que pueda necesitar. Conf\u00ede en nosotros para supervisar sus necesidades de embalaje y suministro de forma eficaz y eficiente con entregas precisas y seguras.<\/p>\n\n\n\n<h3 class=\"wp-block-heading\">Embalaje personalizable de Manforce:<\/h3>\n\n\n\n<p><strong>Manforce Viagra <\/strong>tiene un enfoque orientado al consumidor que permite a los clientes elegir paquetes individuales seg\u00fan sus preferencias. Mejore la imagen de su marca utilizando excelentes empaques de calidad que brinden la protecci\u00f3n necesaria a sus productos y ganen la confianza de los clientes en su marca. Diferencie sus productos con los empaques personalizados de Manforce.<\/p>\n\n\n\n<h3 class=\"wp-block-heading\">Cadena de suministro confiable:<\/h3>\n\n\n\n<p>Garantice un rendimiento sin problemas con nuestros modelos eficientes de gesti\u00f3n de la cadena de suministro. Permitimos que su negocio crezca sin obst\u00e1culos mediante la entrega puntual de los pedidos, un flujo \u00f3ptimo de la cadena de suministro y la estandarizaci\u00f3n de los productos.<\/p>\n\n\n\n<h2 class=\"wp-block-heading\">Condiciones de almacenamiento recomendadas para Manforce a granel<\/h2>\n\n\n\n<p>Las pastillas para la disfunci\u00f3n er\u00e9ctil de Manforce deben envasarse en grandes cantidades y almacenarse en un lugar fresco, seco y oscuro. Tambi\u00e9n debe tenerse cuidado de mantener una temperatura espec\u00edfica para mantener los productos libres de inhibiciones y eficaces. Debe cumplir con estas condiciones al almacenar estos productos y aumentar su vida \u00fatil.<\/p>\n\n\n\n<h2 class=\"wp-block-heading\">Atenci\u00f3n al cliente 24*7<\/h2>\n\n\n\n<p>Facilite su operaci\u00f3n con soporte inmediato a trav\u00e9s de nuestros servicios de atenci\u00f3n al cliente las 24 horas. Estamos aqu\u00ed para darle respuestas a sus preguntas lo antes posible y, por lo tanto, no habr\u00e1 interrupciones en los servicios y la satisfacci\u00f3n de todos en todo momento.<\/p>\n\n\n\n<h2 class=\"wp-block-heading\">Preguntas frecuentes<\/h2>\n\n\n\n<h3 class=\"wp-block-heading\">1. \u00bfAyuda a mejorar el rendimiento sexual?<\/h3>\n\n\n\n<p>No se debe tomar Manforce para mejorar el rendimiento sexual. A todos los hombres que no padecen disfunci\u00f3n er\u00e9ctil, se les desaconseja utilizar Manforce o cualquier otro medicamento para la disfunci\u00f3n er\u00e9ctil sin receta m\u00e9dica y sin consultarlo debidamente.<\/p>\n\n\n\n<h3 class=\"wp-block-heading\">2. \u00bfCu\u00e1nto tiempo permanece Manforce en su sistema?<\/h3>\n\n\n\n<p>La pastilla Manforce suele empezar a hacer efecto entre 30 y 60 minutos despu\u00e9s de su consumo. El efecto puede durar entre cuatro y seis horas. Si la erecci\u00f3n dura m\u00e1s de cuatro horas, informe a su m\u00e9dico.<\/p>\n\n\n\n<h3 class=\"wp-block-heading\">3. \u00bfPueden las mujeres utilizar Manforce?<\/h3>\n\n\n\n<p>La tableta Manforce a veces se prescribe como un tratamiento no indicado en la etiqueta para mujeres, aunque no est\u00e9 aprobada por la FDA para su uso en esta poblaci\u00f3n.<\/p>\n\n\n\n<h3 class=\"wp-block-heading\">4. \u00bfSe puede tomar la tableta Manforce con alcohol?<\/h3>\n\n\n\n<p>Mientras usa Manforce, debe abstenerse de consumir alcohol o restringir su consumo a no m\u00e1s de cuatro bebidas que contengan alcohol en un per\u00edodo breve.<\/p>\n\n\n\n<h3 class=\"wp-block-heading\">5. \u00bfExisten efectos secundarios de Manforce?<\/h3>\n\n\n\n<p><strong>Efectos secundarios comunes y raros de la tableta Manforce:<\/strong><\/p>\n\n\n\n<p><strong>Com\u00fan:<\/strong><\/p>\n\n\n\n<ul class=\"wp-block-list\">\n<li>Dolor de cabeza<\/li>\n\n\n\n<li>Indigesti\u00f3n<\/li>\n\n\n\n<li>Hemorragia nasal<\/li>\n\n\n\n<li>Dificultad para dormir<\/li>\n\n\n\n<li>Mareos<\/li>\n\n\n\n<li>Diarrea<\/li>\n\n\n\n<li>Orina turbia y con sangre<\/li>\n\n\n\n<li>Alteraciones visuales<\/li>\n\n\n\n<li>Ardor, hormigueo, entumecimiento en los pies y los brazos<\/li>\n\n\n\n<li>Sensibilidad a la luz<\/li>\n\n\n\n<li>Lagrimeo excesivo en los ojos<\/li>\n\n\n\n<li>Dolor al orinar<\/li>\n\n\n\n<li>Zumbido o pitidos en los o\u00eddos<\/li>\n\n\n\n<li>N\u00e1useas<\/li>\n\n\n\n<li>Congesti\u00f3n nasal<\/li>\n\n\n\n<li>Enrojecimiento de la piel, especialmente en el cuello y la cara<\/li>\n<\/ul>\n\n\n\n<p><strong>Raro:<\/strong><\/p>\n\n\n\n<ul class=\"wp-block-list\">\n<li>Erecci\u00f3n prolongada y dolorosa<\/li>\n\n\n\n<li>Sordera<\/li>\n<\/ul>\n\n\n\n<h3 class=\"wp-block-heading\">6. \u00bfC\u00f3mo puedo rastrear mis pedidos y env\u00edos?<\/h3>\n\n\n\n<p>Puedes consultar el estado de tus pedidos y env\u00edos con un solo clic, ya sea a trav\u00e9s de la aplicaci\u00f3n web o de tu smartphone. No necesitas buscar en otro lado. Solo tienes que introducir tu n\u00famero de seguimiento y al instante se mostrar\u00e1 el estado de tu paquete, adem\u00e1s del tiempo de entrega previsto.<\/p>\n","protected":false},"excerpt":{"rendered":"<div class=\"flex max-w-full flex-col flex-grow\">\r\n<div class=\"min-h-[20px] text-message flex w-full flex-col items-end gap-2 break-words [.text-message+&amp;]:mt-5 overflow-x-auto whitespace-normal\" dir=\"auto\" data-message-author-role=\"assistant\" data-message-id=\"761a648f-ebf6-47b2-8320-619908665973\">\r\n<div class=\"flex w-full flex-col gap-1 empty:hidden first:pt-[3px]\">\r\n<div class=\"markdown prose w-full break-words dark:prose-invert light\"><strong>MedsExporter<\/strong> es un fabricante y proveedor l\u00edder de comprimidos de Manforce en la India. Manforce se utiliza habitualmente para tratar la disfunci\u00f3n er\u00e9ctil (DE) en hombres y contiene citrato de sildenafil como ingrediente activo.<\/div>\r\n<\/div>\r\n<\/div>\r\n<\/div>","protected":false},"featured_media":49221,"template":"","meta":{"_glsr_average":0,"_glsr_ranking":0,"_glsr_reviews":0},"product_brand":[],"product_cat":[3957,4011],"product_tag":[],"product_form":[4097],"class_list":{"0":"post-51959","1":"product","2":"type-product","3":"status-publish","4":"has-post-thumbnail","6":"product_cat-fabricante-de-medicamentos-para-la-disfuncion-erectil-en-india","7":"product_cat-medicamentos-para-la-salud-masculina-fabricante-en-india","8":"product_form-fabricante-de-tabletas-en-india","10":"first","11":"instock","12":"shipping-taxable","13":"product-type-simple"},"_links":{"self":[{"href":"https:\/\/medsexporter.com\/es\/wp-json\/wp\/v2\/product\/51959","targetHints":{"allow":["GET"]}}],"collection":[{"href":"https:\/\/medsexporter.com\/es\/wp-json\/wp\/v2\/product"}],"about":[{"href":"https:\/\/medsexporter.com\/es\/wp-json\/wp\/v2\/types\/product"}],"wp:featuredmedia":[{"embeddable":true,"href":"https:\/\/medsexporter.com\/es\/wp-json\/wp\/v2\/media\/49221"}],"wp:attachment":[{"href":"https:\/\/medsexporter.com\/es\/wp-json\/wp\/v2\/media?parent=51959"}],"wp:term":[{"taxonomy":"product_brand","embeddable":true,"href":"https:\/\/medsexporter.com\/es\/wp-json\/wp\/v2\/product_brand?post=51959"},{"taxonomy":"product_cat","embeddable":true,"href":"https:\/\/medsexporter.com\/es\/wp-json\/wp\/v2\/product_cat?post=51959"},{"taxonomy":"product_tag","embeddable":true,"href":"https:\/\/medsexporter.com\/es\/wp-json\/wp\/v2\/product_tag?post=51959"},{"taxonomy":"product_form","embeddable":true,"href":"https:\/\/medsexporter.com\/es\/wp-json\/wp\/v2\/product_form?post=51959"}],"curies":[{"name":"wp","href":"https:\/\/api.w.org\/{rel}","templated":true}]}}