{"id":51867,"date":"2024-05-23T05:11:08","date_gmt":"2024-05-23T05:11:08","guid":{"rendered":"https:\/\/medsexporter.com\/product\/tableta-avana\/"},"modified":"2024-09-02T07:28:03","modified_gmt":"2024-09-02T07:28:03","slug":"tableta-avana","status":"publish","type":"product","link":"https:\/\/www.medsexporter.com\/es\/product\/tableta-avana\/","title":{"rendered":"Tableta Avana (avanafil)"},"content":{"rendered":"\n<h2 class=\"wp-block-heading\"><strong>Introducci\u00f3n de las tabletas Avana (tabletas gen\u00e9ricas de Avanafil)<\/strong><\/h2>\n\n\n\n<p>La tableta Avana (Avanafil), que suele comercializarse como Stendra, es una de las p\u00edldoras para la impotencia masculina m\u00e1s potentes. La impotencia o disfunci\u00f3n er\u00e9ctil (DE) es un trastorno sexual com\u00fan en los hombres que hace que no alcancen una erecci\u00f3n suficiente, lo que impide la satisfacci\u00f3n durante las relaciones \u00edntimas. Este medicamento para la DE mejora las erecciones y permite que las relaciones sexuales duren alrededor de 5 horas.<\/p>\n\n\n\n<p>MedsExporter es un proveedor l\u00edder de Avana. Puede solicitar su stock con la mejor calidad y precio asegurado.<\/p>\n\n\n\n<h2 class=\"wp-block-heading\"><strong>\u00bfC\u00f3mo funciona?<\/strong><\/h2>\n\n\n\n<p>La p\u00edldora Avana ED contiene Avanafil (un inhibidor de la fosfodiesterasa tipo 5) como ingrediente principal. Funciona estimulando la circulaci\u00f3n sangu\u00ednea hacia el pene, lo que promueve la dureza deseada en poco tiempo y prolonga la relaci\u00f3n sexual. Sin embargo, Avanafil requiere excitaci\u00f3n sexual para activar y estimular el ciclo de la enzima cGMP, desbloquear las arterias que suministran sangre al pene y aliviar los m\u00fasculos del suelo p\u00e9lvico. Adem\u00e1s, esta tableta de Avanafil es capaz de estimular las relaciones sexuales incluso despu\u00e9s de eyacular una vez. Estas cualidades lo hacen tan demandado entre los hombres impotentes.<\/p>\n\n\n\n<p>Este es un llamado a todos los mayoristas, exportadores de pastillas para la disfunci\u00f3n er\u00e9ctil y proveedores de atenci\u00f3n m\u00e9dica para que almacenen pastillas Avana de calidad 100% garantizada a precios muy asequibles en MedsExporter.<\/p>\n\n\n\n<h2 class=\"wp-block-heading\"><strong>Concentraci\u00f3n disponible de comprimidos de Avana (Avanafil)<\/strong><\/h2>\n\n\n\n<p>Avanafil est\u00e1 disponible en dosis moderadas y fuertes, lo que ayuda a los hombres a aumentar su deseo sexual sin esfuerzo.<\/p>\n\n\n\n<ul class=\"wp-block-list\">\n<li><strong><a href=\"https:\/\/medsexporter.com\/product\/avana-50-mg\/\"><\/a>Avana 50<\/strong><\/li>\n\n\n\n<li><strong><a href=\"https:\/\/medsexporter.com\/product\/avana-100mg\/\"><\/a>Avana 100mg<\/strong><\/li>\n\n\n\n<li><strong><a href=\"https:\/\/medsexporter.com\/product\/avana-200-mg\/\"><\/a>Tableta Avana 200 mg<\/strong><\/li>\n<\/ul>\n\n\n\n<h2 class=\"wp-block-heading\"><strong>Beneficios de las tabletas Avana<\/strong><\/h2>\n\n\n\n<ol class=\"wp-block-list\">\n<li>Dosis estandarizadas adaptadas a todas las necesidades<\/li>\n\n\n\n<li>Mejora los s\u00edntomas de la disfunci\u00f3n er\u00e9ctil y la falta de libido en los hombres.<\/li>\n\n\n\n<li>Ayuda a los hombres a recuperar la autoestima y la confianza.<\/li>\n\n\n\n<li>Fortalece los lazos rom\u00e1nticos entre las parejas.<\/li>\n\n\n\n<li>Adecuado tanto para hombres de mediana edad como para hombres mayores (probablemente)<\/li>\n<\/ol>\n\n\n\n<h2 class=\"wp-block-heading\"><strong>Exportador mayorista confiable de tabletas Avana<\/strong><\/h2>\n\n\n\n<p><strong>Cantidad m\u00ednima de pedido de Avana: <\/strong>En MedsExporter.com aceptamos pedidos de cualquier cantidad. Puede solicitar cualquier cantidad dentro de este l\u00edmite seg\u00fan sus necesidades.<\/p>\n\n\n\n<p><strong>Nuestra capacidad de suministro: <\/strong>Nuestra capacidad de producci\u00f3n mensual es de 1 mill\u00f3n de tabletas\/mes la cual est\u00e1 determinada para adaptarse a las distintas necesidades de nuestros clientes.<\/p>\n\n\n\n<p><strong>El tiempo de entrega: <\/strong>El tiempo de entrega aproximado se le informar\u00e1 por correo electr\u00f3nico al confirmar el pedido. Nos esforzamos por entregar siempre todos nuestros pedidos dentro del plazo estimado.<\/p>\n\n\n\n<p><strong>Condiciones de pago: <\/strong>Recomendamos la transferencia bancaria, ya que a la mayor\u00eda de nuestros clientes les resulta m\u00e1s c\u00f3modo realizar pagos por adelantado. Por favor, acepte esta forma de pago para que podamos poner su pedido en cola para procesarlo r\u00e1pidamente.<\/p>\n\n\n\n<p><strong>Opciones de env\u00edo: <\/strong>Enviamos sus pedidos a trav\u00e9s de socios log\u00edsticos de confianza cuya red global nos permite entregar medicamentos en cualquier parte del atlas. En caso de que necesite entregas urgentes o est\u00e9 dispuesto a compartir instrucciones de entrega espec\u00edficas, comun\u00edquese con nuestro servicio de atenci\u00f3n al cliente.<\/p>\n\n\n\n<h2 class=\"wp-block-heading\"><strong>Embalaje personalizable de Avana \u2013 Tableta Avanafil<\/strong><\/h2>\n\n\n\n<p>A diferencia de otros fabricantes o proveedores, ofrecemos opciones de empaquetado personalizables. Por ahora, si compra Avana con nosotros, el empaquetado predeterminado ser\u00e1 de 4 tabletas en una tira. Si busca personalizaci\u00f3n con el tama\u00f1o del paquete o la cantidad por tira, podemos hablarlo.<\/p>\n\n\n\n<h2 class=\"wp-block-heading\"><strong>Recomendaciones de almacenamiento<\/strong><\/h2>\n\n\n\n<ul class=\"wp-block-list\">\n<li>Mantenga un registro de sus existencias mientras garantiza las condiciones de almacenamiento adecuadas de las tabletas Avana.<\/li>\n\n\n\n<li>Garantizar un entorno limpio e higi\u00e9nico donde la rotaci\u00f3n de existencias se realice de forma eficaz.<\/li>\n\n\n\n<li>Coloque los paquetes en un lugar seguro donde sea posible verificar las fechas de vencimiento de los medicamentos.<\/li>\n<\/ul>\n\n\n\n<h2 class=\"wp-block-heading\"><strong>Preguntas frecuentes<\/strong><\/h2>\n\n\n\n<h3 class=\"wp-block-heading\"><strong>\u00bfCu\u00e1l es la dosis recomendada de tabletas de Avana para un rendimiento sexual duradero?<\/strong><\/h3>\n\n\n\n<p>Las recomendaciones de dosis ser\u00e1n compartidas por el profesional de la salud. Por lo general, se utiliza una tableta (por dosis y dentro de las 24 horas) trag\u00e1ndola con un vaso de agua antes de 30 minutos de la relaci\u00f3n sexual.<\/p>\n\n\n\n<h3 class=\"wp-block-heading\"><strong>\u00bfSe puede utilizar la tableta Avana para tratar la eyaculaci\u00f3n precoz?<\/strong><\/h3>\n\n\n\n<p>No, este medicamento s\u00f3lo puede tratar la impotencia y no la eyaculaci\u00f3n precoz.<\/p>\n\n\n\n<h3 class=\"wp-block-heading\"><strong>\u00bfCuanto dura?<\/strong><\/h3>\n\n\n\n<p>La eficacia de cada comprimido de Avanafil dura aproximadamente de 4 a 5 horas. Este tiempo de duraci\u00f3n puede variar entre los hombres en funci\u00f3n de su metabolismo, otras afecciones m\u00e9dicas y la respuesta al medicamento.<\/p>\n\n\n\n<h3 class=\"wp-block-heading\"><strong>\u00bfCu\u00e1les son los efectos secundarios de las tabletas Avana?<\/strong><\/h3>\n\n\n\n<p>Al igual que otras pastillas para la disfunci\u00f3n er\u00e9ctil, este medicamento tiene ciertos efectos secundarios como n\u00e1useas, mareos, somnolencia, dolor de cabeza, v\u00f3mitos, dolor en las extremidades, etc. Dado que desaparecer\u00e1n por s\u00ed solos, es posible que necesite ayuda m\u00e9dica solo si persisten en una forma m\u00e1s grave. Sin embargo, acuda r\u00e1pidamente a un m\u00e9dico si experimenta alguna alergia grave, dolor en el pecho o erecciones anormales.<\/p>\n\n\n\n<h3 class=\"wp-block-heading\"><strong>\u00bfExisten ofertas para compras al por mayor de pastillas Avana ED?<\/strong><\/h3>\n\n\n\n<p>Como mayorista de Avana, te beneficiar\u00e1s de pedidos al por mayor cada vez que compres con nosotros. Para conocer las \u00faltimas ofertas y descuentos, env\u00eda tus consultas aqu\u00ed.<\/p>\n\n\n\n<h3 class=\"wp-block-heading\"><strong>\u00bfC\u00f3mo puedo rastrear mi pedido?<\/strong><\/h3>\n\n\n\n<p>Es posible realizar un seguimiento de su pedido mediante el enlace que se le enviar\u00e1 por correo electr\u00f3nico tan pronto como se env\u00ede su pedido. Para cualquier consulta relacionada con el seguimiento de pedidos, comun\u00edquese con nuestro servicio de atenci\u00f3n al cliente.<\/p>\n","protected":false},"excerpt":{"rendered":"Introducci\u00f3n de las tabletas Avana (tabletas gen\u00e9ricas de Avanafil) La tableta Avana (Avanafil), que suele comercializarse como Stendra, es una de las p\u00edldoras para la impotencia masculina m\u00e1s potentes. La impotencia o disfunci\u00f3n er\u00e9ctil (DE) es un trastorno sexual com\u00fan en los hombres que hace que no alcancen una erecci\u00f3n suficiente, lo que impide la [&hellip;]","protected":false},"featured_media":49395,"template":"","meta":{"_glsr_average":0,"_glsr_ranking":0,"_glsr_reviews":0},"product_brand":[],"product_cat":[3957,4011,4067],"product_tag":[],"product_form":[4097],"class_list":{"0":"post-51867","1":"product","2":"type-product","3":"status-publish","4":"has-post-thumbnail","6":"product_cat-fabricante-de-medicamentos-para-la-disfuncion-erectil-en-india","7":"product_cat-medicamentos-para-la-salud-masculina-fabricante-en-india","8":"product_cat-geneic-spedra-fabricante-en-india","9":"product_form-fabricante-de-tabletas-en-india","11":"first","12":"instock","13":"shipping-taxable","14":"product-type-simple"},"_links":{"self":[{"href":"https:\/\/www.medsexporter.com\/es\/wp-json\/wp\/v2\/product\/51867","targetHints":{"allow":["GET"]}}],"collection":[{"href":"https:\/\/www.medsexporter.com\/es\/wp-json\/wp\/v2\/product"}],"about":[{"href":"https:\/\/www.medsexporter.com\/es\/wp-json\/wp\/v2\/types\/product"}],"wp:featuredmedia":[{"embeddable":true,"href":"https:\/\/www.medsexporter.com\/es\/wp-json\/wp\/v2\/media\/49395"}],"wp:attachment":[{"href":"https:\/\/www.medsexporter.com\/es\/wp-json\/wp\/v2\/media?parent=51867"}],"wp:term":[{"taxonomy":"product_brand","embeddable":true,"href":"https:\/\/www.medsexporter.com\/es\/wp-json\/wp\/v2\/product_brand?post=51867"},{"taxonomy":"product_cat","embeddable":true,"href":"https:\/\/www.medsexporter.com\/es\/wp-json\/wp\/v2\/product_cat?post=51867"},{"taxonomy":"product_tag","embeddable":true,"href":"https:\/\/www.medsexporter.com\/es\/wp-json\/wp\/v2\/product_tag?post=51867"},{"taxonomy":"product_form","embeddable":true,"href":"https:\/\/www.medsexporter.com\/es\/wp-json\/wp\/v2\/product_form?post=51867"}],"curies":[{"name":"wp","href":"https:\/\/api.w.org\/{rel}","templated":true}]}}