{"id":51789,"date":"2024-05-06T12:18:13","date_gmt":"2024-05-06T12:18:13","guid":{"rendered":"https:\/\/medsexporter.com\/product\/testorix-c-vial-10ml\/"},"modified":"2024-08-28T10:16:34","modified_gmt":"2024-08-28T10:16:34","slug":"testorix-c-vial-10ml","status":"publish","type":"product","link":"https:\/\/medsexporter.com\/es\/product\/testorix-c-vial-10ml\/","title":{"rendered":"Testorix C Vial 10Ml"},"content":{"rendered":"\n<h2 class=\"wp-block-heading\"><strong>\u00bfQu\u00e9 es Testorix C Vial 10Ml Inyecci\u00f3n?<\/strong><\/h2>\n\n\n\n<p>Testorix C Vial 10ml se utilizaba anteriormente para el culturismo y tambi\u00e9n para tratar los niveles bajos de testosterona en los hombres. Este medicamento contiene cipionato de testosterona como ingrediente clave y est\u00e1 disponible en dosis de 250 mg\/ml. Se vende bajo la marca Depo-Testosterone.<\/p>\n\n\n\n<h2 class=\"wp-block-heading\"><strong>\u00bfC\u00f3mo act\u00faa en el cuerpo?<\/strong><\/h2>\n\n\n\n<p>El cipionato de testosterona pertenece a la clase de f\u00e1rmacos andr\u00f3genos. Este medicamento act\u00faa imitando la testosterona (hormona masculina natural) y aumentando sus niveles para que el organismo funcione de forma eficiente. En concreto, aumenta la testosterona hasta niveles normales para que el organismo masculino funcione de forma \u00f3ptima y mejora la resistencia, el crecimiento muscular y el estado de \u00e1nimo.<\/p>\n\n\n\n<h2 class=\"wp-block-heading\"><strong>Usos de Testorix C Vial 10Ml<\/strong><\/h2>\n\n\n\n<p>Testorix C Vial es un tratamiento que solo se vende con receta m\u00e9dica, ya que se personaliza seg\u00fan el requisito o problema de salud para abordar:<\/p>\n\n\n\n<ul class=\"wp-block-list\">\n<li>Culturismo<\/li>\n\n\n\n<li>Niveles bajos de testosterona en los hombres<\/li>\n<\/ul>\n\n\n\n<p><strong>Usos fuera de etiqueta<\/strong><\/p>\n\n\n\n<ul class=\"wp-block-list\">\n<li>Apoya la fase normal de desarrollo sexual (pubertad) en adolescentes varones diagnosticados con pubertad tard\u00eda.<\/li>\n\n\n\n<li>Ciertos tipos de c\u00e1ncer de mama en mujeres<\/li>\n<\/ul>\n\n\n\n<h2 class=\"wp-block-heading\"><strong>\u00bfPor qu\u00e9 los culturistas eligen Testorix C Vial para el crecimiento muscular?<\/strong><\/h2>\n\n\n\n<p><strong>La inyecci\u00f3n Testorix C Vial 10Ml<\/strong> tiene beneficios impecables para el crecimiento y desarrollo muscular general. Como se mencion\u00f3, el cipionato de testosterona es un poderoso andr\u00f3geno que aumenta la vitalidad y la energ\u00eda, apoya el crecimiento muscular, provoca la p\u00e9rdida de grasa y tambi\u00e9n mejora las funciones cognitivas. En otras palabras, alienta a los culturistas a lograr sus objetivos de acondicionamiento f\u00edsico sin barreras psicol\u00f3gicas o f\u00edsicas. Esta inyecci\u00f3n no solo es \u00fatil para el crecimiento f\u00edsico, sino que tambi\u00e9n cuida la aptitud mental.<\/p>\n\n\n\n<p>Cuando se combina con sesiones de entrenamiento intenso y h\u00e1bitos de vida diet\u00e9ticos adecuados, el esteroide Testorix C ofrece resultados excepcionales para el crecimiento muscular.<\/p>\n\n\n\n<h2 class=\"wp-block-heading\"><strong>Conexi\u00f3n con Testorix C Vial 10Ml Mayorista<\/strong><\/h2>\n\n\n\n<p>\u00a1No necesita buscar un mayorista autorizado de Testorix C Vial 10Ml porque nos ha encontrado a nosotros! MedsExporter.com ha estado en el nicho durante m\u00e1s de una d\u00e9cada, por lo que ofrece suplementos de culturismo de alta calidad en todo el mundo. Nuestra capacidad de suministro es de 1 mill\u00f3n de viales al mes y, si cree que se ajusta a sus necesidades, nos encantar\u00eda conectarnos.<\/p>\n\n\n\n<h2 class=\"wp-block-heading\"><strong>\u00bfCu\u00e1l es la condici\u00f3n de almacenamiento recomendada para el vial de Testorix C?<\/strong><\/h2>\n\n\n\n<p>Este suplemento para el culturismo debe conservarse a temperatura ambiente (por debajo de los 30 grados cent\u00edgrados). Mant\u00e9ngalo alejado de zonas h\u00famedas y de altas temperaturas. Adem\u00e1s, debe estar fuera del alcance de los ni\u00f1os y las mascotas.<\/p>\n\n\n\n<h2 class=\"wp-block-heading\"><strong>Servicio de env\u00edo r\u00e1pido y seguro<\/strong><\/h2>\n\n\n\n<p>Somos un exportador reconocido de viales Testorix C, conocido por ofrecer servicios de env\u00edo m\u00e1s r\u00e1pidos y seguros. Superamos las expectativas de nuestros clientes con cada entrega y nos aseguramos de que todos nuestros pedidos se entreguen a tiempo y en perfectas condiciones. Dado que la mayor\u00eda de nuestros compradores son mayoristas, distribuidores y proveedores de atenci\u00f3n m\u00e9dica, asumimos como nuestro deber realizar las entregas a tiempo para que puedan cumplir con las entregas futuras seg\u00fan lo prometido.<\/p>\n\n\n\n<h2 class=\"wp-block-heading\"><strong>M\u00e9todo de pago seguro y que ahorra tiempo<\/strong><\/h2>\n\n\n\n<p>MedsExporter.com cree en el procesamiento r\u00e1pido de pedidos, para lo cual el pago en l\u00ednea es muy beneficioso. Para que el procesamiento de su pago sea conveniente y sin complicaciones, preferimos un modo de pago confiable y seguro que tambi\u00e9n proteja su privacidad.<\/p>\n\n\n\n<h2 class=\"wp-block-heading\"><strong>Soporte 24 * 7 para la clienta<\/strong><\/h2>\n\n\n\n<p>Todos nuestros compradores de suplementos para culturismo Testorix C 10Ml tienen el privilegio de recibir atenci\u00f3n al cliente las 24 horas, los 7 d\u00edas de la semana. Si usted conf\u00eda en nosotros para este medicamento, consideramos que es nuestro deber atenderlo siempre que lo necesite.<\/p>\n\n\n\n<h2 class=\"wp-block-heading\"><strong>Preguntas frecuentes<\/strong><\/h2>\n\n\n\n<h3 class=\"wp-block-heading\"><strong>\u00bfQu\u00e9 dieta seguir mientras se toma Testorix C Vial?<\/strong><\/h3>\n\n\n\n<p>Lo ideal es consumir alimentos ricos en prote\u00ednas con grasas saludables, carbohidratos complejos, minerales esenciales y vitaminas mientras se usa este esteroide para el culturismo. Mant\u00e9ngase bien hidratado y coma en horarios espec\u00edficos para obtener mejores resultados.<\/p>\n\n\n\n<h3 class=\"wp-block-heading\"><strong>\u00bfQu\u00e9 rutina de ejercicios es m\u00e1s efectiva cuando se usa Testorix C?<\/strong><\/h3>\n\n\n\n<p>Una sesi\u00f3n de entrenamiento equilibrada que incluya entrenamiento de fuerza y \u200b\u200bflexibilidad, as\u00ed como ejercicios cardiovasculares, resulta eficaz mientras se toma Testorix C Vial.<\/p>\n\n\n\n<h3 class=\"wp-block-heading\"><strong>\u00bfCu\u00e1l es el precio asequible de Testorix C Vial 10Ml?<\/strong><\/h3>\n\n\n\n<p>Compre Testorix C Vial 10 ml a precios asequibles solo en MedsExporter.com, donde tambi\u00e9n obtendr\u00e1 descuentos personalizados. \u00a1Solicite una cotizaci\u00f3n ahora!<\/p>\n\n\n\n<h3 class=\"wp-block-heading\"><strong>\u00bfEs seguro para mujeres embarazadas?<\/strong><\/h3>\n\n\n\n<p>No, este suplemento para el culturismo no es apto para mujeres debido al riesgo de virilizaci\u00f3n y otros posibles efectos secundarios. No lo use nunca durante el embarazo ni la lactancia.<\/p>\n\n\n\n<h3 class=\"wp-block-heading\"><strong>\u00bfPuede interactuar con otros suplementos para culturismo?<\/strong><\/h3>\n\n\n\n<p>S\u00ed, puede tener interacciones con otros suplementos para el culturismo. Por lo tanto, no lo use antes de verificar su lista de suplementos actuales con su m\u00e9dico.<\/p>\n\n\n\n<h3 class=\"wp-block-heading\"><strong>\u00bfExiste alguna oferta para comprar Testorix C Vial al por mayor?<\/strong><\/h3>\n\n\n\n<p>S\u00ed, tenemos ofertas exclusivas y descuentos especiales para pedidos al por mayor de Testorix C 10 ml. Cont\u00e1ctenos ahora para obtener m\u00e1s informaci\u00f3n.<\/p>\n\n\n\n<h3 class=\"wp-block-heading\"><strong>\u00bfC\u00f3mo puedo rastrear mi pedido?<\/strong><\/h3>\n\n\n\n<p>Enviamos un correo electr\u00f3nico a nuestros compradores con un enlace de seguimiento de pedidos tan pronto como se env\u00eda el paquete. Puede realizar un seguimiento de su pedido f\u00e1cilmente con el enlace que recibi\u00f3 en su correo electr\u00f3nico. Si a\u00fan tiene alguna pregunta o inquietud relacionada con el seguimiento de pedidos, no dude en comunicarse con nuestro servicio de atenci\u00f3n al cliente.<\/p>\n","protected":false},"excerpt":{"rendered":"\u00bfQu\u00e9 es Testorix C Vial 10Ml Inyecci\u00f3n? Testorix C Vial 10ml se utilizaba anteriormente para el culturismo y tambi\u00e9n para tratar los niveles bajos de testosterona en los hombres. Este medicamento contiene cipionato de testosterona como ingrediente clave y est\u00e1 disponible en dosis de 250 mg\/ml. Se vende bajo la marca Depo-Testosterone. \u00bfC\u00f3mo act\u00faa en [&hellip;]","protected":false},"featured_media":50572,"template":"","meta":{"_glsr_average":0,"_glsr_ranking":0,"_glsr_reviews":0},"product_brand":[],"product_cat":[3936],"product_tag":[],"product_form":[4133],"class_list":{"0":"post-51789","1":"product","2":"type-product","3":"status-publish","4":"has-post-thumbnail","6":"product_cat-medicina-de-musculacion-fabricantes-en-india","7":"product_form-inyeccion-fabricante-en-india","9":"first","10":"instock","11":"shipping-taxable","12":"purchasable","13":"product-type-variable"},"_links":{"self":[{"href":"https:\/\/medsexporter.com\/es\/wp-json\/wp\/v2\/product\/51789","targetHints":{"allow":["GET"]}}],"collection":[{"href":"https:\/\/medsexporter.com\/es\/wp-json\/wp\/v2\/product"}],"about":[{"href":"https:\/\/medsexporter.com\/es\/wp-json\/wp\/v2\/types\/product"}],"wp:featuredmedia":[{"embeddable":true,"href":"https:\/\/medsexporter.com\/es\/wp-json\/wp\/v2\/media\/50572"}],"wp:attachment":[{"href":"https:\/\/medsexporter.com\/es\/wp-json\/wp\/v2\/media?parent=51789"}],"wp:term":[{"taxonomy":"product_brand","embeddable":true,"href":"https:\/\/medsexporter.com\/es\/wp-json\/wp\/v2\/product_brand?post=51789"},{"taxonomy":"product_cat","embeddable":true,"href":"https:\/\/medsexporter.com\/es\/wp-json\/wp\/v2\/product_cat?post=51789"},{"taxonomy":"product_tag","embeddable":true,"href":"https:\/\/medsexporter.com\/es\/wp-json\/wp\/v2\/product_tag?post=51789"},{"taxonomy":"product_form","embeddable":true,"href":"https:\/\/medsexporter.com\/es\/wp-json\/wp\/v2\/product_form?post=51789"}],"curies":[{"name":"wp","href":"https:\/\/api.w.org\/{rel}","templated":true}]}}