{"id":51000,"date":"2024-04-12T12:22:50","date_gmt":"2024-04-12T12:22:50","guid":{"rendered":"https:\/\/medsexporter.com\/product\/vyfat-120-mg\/"},"modified":"2024-08-07T11:04:58","modified_gmt":"2024-08-07T11:04:58","slug":"vyfat-120-mg","status":"publish","type":"product","link":"https:\/\/medsexporter.com\/es\/product\/vyfat-120-mg\/","title":{"rendered":"C\u00e1psula de Vyfat 120 mg (Orlistat)"},"content":{"rendered":"\n<h2 class=\"wp-block-heading\">Breve descripci\u00f3n de Vyfat 120 mg<\/h2>\n\n\n\n<p>\u00bfLe cuesta perder peso? No est\u00e1 solo. Muchas personas se enfrentan a ello cada d\u00eda, y millones se ven afectadas en todo el mundo. Vyfat 120 mg, contiene un ingrediente activo conocido como Orlistat, que est\u00e1 destinado a ayudar a las personas a controlar su peso. Somos un reputado proveedor de este medicamento y podemos producir 1 Mill\u00f3n de C\u00e1psulas\/Mes.<\/p>\n\n\n\n<h2 class=\"wp-block-heading\">Vyfat 120 mg &#8211; Orlistat comprimido usos?<\/h2>\n\n\n\n<p><strong>Aqu\u00ed est\u00e1n los usos:<\/strong><\/p>\n\n\n\n<ul class=\"wp-block-list\">\n<li><strong>Reducci\u00f3n de peso:<\/strong> Orlistat es m\u00e1s beneficioso como agente para lograr la p\u00e9rdida de peso en pacientes que consumen estrictamente calor\u00edas restringidas.<\/li>\n\n\n\n<li><strong>Mejora del IMC:<\/strong> Hace que los pacientes ganen menos peso y, por lo tanto, tiene un efecto reductor sobre el IMC.<\/li>\n\n\n\n<li><strong>Niveles de colesterol:<\/strong> Tambi\u00e9n interviene en la reducci\u00f3n del colesterol.<\/li>\n\n\n\n<li><strong>Circunferencia de la cintura:<\/strong> Se ha informado de que el orlistat reduce la circunferencia de la cintura.<\/li>\n\n\n\n<li><strong>Tensi\u00f3n arterial:<\/strong> Produce una ligera disminuci\u00f3n de la presi\u00f3n arterial.<\/li>\n\n\n\n<li><strong>Control gluc\u00e9mico:<\/strong> El medicamento es beneficioso en el tratamiento de la diabetes, ya que mejora el nivel de control gluc\u00e9mico de los pacientes.<\/li>\n<\/ul>\n\n\n\n<h2 class=\"wp-block-heading\">\u00bfC\u00f3mo funciona?<\/h2>\n\n\n\n<p>El comprimido Vyfat controla la obesidad impidiendo que determinadas enzimas digestivas absorban la grasa de los alimentos. Esto ayuda a reducir la grasa de ser absorbido en el cuerpo, y por lo tanto, la grasa no digerida es expulsado a trav\u00e9s de los movimientos intestinales.<\/p>\n\n\n\n<h2 class=\"wp-block-heading\">Beneficios de Vyfat 120 comprimidos:<\/h2>\n\n\n\n<ul class=\"wp-block-list\">\n<li>Demuestra una eficacia significativa en las estrategias de control del peso.<\/li>\n\n\n\n<li>Contribuye a reducir sustancialmente el IMC o \u00edndice de masa corporal.<\/li>\n\n\n\n<li>Influye positivamente en los perfiles lip\u00eddicos, especialmente en los niveles de colesterol.<\/li>\n\n\n\n<li>Facilita disminuciones notables de los niveles de adiposidad abdominal.<\/li>\n\n\n\n<li>Muestra una adecuaci\u00f3n cr\u00edtica en los procedimientos de gesti\u00f3n del peso.<\/li>\n\n\n\n<li>A\u00f1ade disminuciones significativas en la lista de pesos.<\/li>\n\n\n\n<li>Ofrece las ventajas cardiovasculares esperadas a trav\u00e9s de la mejora de la presi\u00f3n arterial.<\/li>\n\n\n\n<li>Mejora las pautas gluc\u00e9micas en personas con diabetes mellitus.<\/li>\n\n\n\n<li>Presenta una forma diversa de abordar el bienestar metab\u00f3lico.<\/li>\n<\/ul>\n\n\n\n<h2 class=\"wp-block-heading\">Conexi\u00f3n con el proveedor mayorista de Vyfat 120 mg<\/h2>\n\n\n\n<p>Para satisfacer la creciente necesidad de la gesti\u00f3n de control de peso competente, reputados especialistas en medicamentos y proveedores de medicamentos como nosotros establecer una gesti\u00f3n esencial con un proveedor de descuento confiable de Vyfat 120mg. Esta relaci\u00f3n asegura una red de inventario constante, costos razonables y acceso a la visi\u00f3n de escaparate. Nos mantenemos al d\u00eda con los niveles de stock ideal, facilitar los sistemas de pedidos, y obtener de las operaciones planificadas con \u00e9xito mediante la producci\u00f3n de asociaciones s\u00f3lidas.<\/p>\n\n\n\n<h2 class=\"wp-block-heading\">Consiga la mejor oferta en pedidos al por mayor de Vyfat 120<\/h2>\n\n\n\n<p>\u00bfNecesita un comprimido de Orlistat asequible para su tienda de productos farmac\u00e9uticos? En consecuencia, \u00a1no hay mejor momento para aprovechar nuestras ofertas especiales de pedidos al por mayor! As\u00ed, Vyfat 120mg tiene otros beneficios ya que puede comprarlo en grandes cantidades y beneficiarse de enfoques econ\u00f3micos para su adquisici\u00f3n.<\/p>\n\n\n\n<h2 class=\"wp-block-heading\">\u00bfPor qu\u00e9 deber\u00eda adoptar nuestra oferta de pedidos al por mayor?<\/h2>\n\n\n\n<p>Nuestra oferta de pedidos masivos de Vyfat 120 mg ofrece varias ventajas a su empresa. Al comprar en grandes cantidades, se beneficiar\u00e1 de una reducci\u00f3n total de los costes por unidad, lo que mejorar\u00e1 sus ingresos generales y le permitir\u00e1 ofrecer costes reducidos a sus clientes. La accesibilidad constante a las existencias garantiza que pueda satisfacer las necesidades de los clientes con rapidez, lo que contribuye al cumplimiento y la dedicaci\u00f3n.<\/p>\n\n\n\n<p>Nuestro compromiso con la calidad le garantiza que obtendr\u00e1 art\u00edculos confirmados de primera calidad, y nuestro proceso de pedido simplificado le ahorrar\u00e1 tiempo y esfuerzo. Por otra parte, nuestro excepcional servicio vital ayuda a aumentar la permeabilidad del art\u00edculo y el compromiso del cliente, por lo que es m\u00e1s f\u00e1cil de atraer y mantener una base de clientes inquebrantable.<\/p>\n\n\n\n<h2 class=\"wp-block-heading\">M\u00e9todo de pago seguro<\/h2>\n\n\n\n<p>Las transferencias bancarias son nuestra mejor opci\u00f3n, ya que se trata del m\u00e9todo m\u00e1s seguro para transferir dinero, y todas sus transacciones se realizan de forma segura.<\/p>\n\n\n\n<h2 class=\"wp-block-heading\">Servicio de entrega r\u00e1pido y preciso<\/h2>\n\n\n\n<p>El tiempo es oro. Lo entendemos. Nuestro servicio de entrega r\u00e1pida y precisa le permite obtener su tableta de p\u00e9rdida de peso en el momento adecuado.<\/p>\n\n\n\n<h2 class=\"wp-block-heading\">Atenci\u00f3n al cliente 24*7<\/h2>\n\n\n\n<p>\u00bfPreguntas? \u00bfPreocupaciones? Le informamos de que contamos con un equipo de atenci\u00f3n al cliente dedicado y muy eficiente que atiende a nuestros clientes 24 horas al d\u00eda, 7 d\u00edas a la semana. Siempre estaremos a su disposici\u00f3n.<\/p>\n\n\n\n<h2 class=\"wp-block-heading\">Preguntas frecuentes<\/h2>\n\n\n\n<h3 class=\"wp-block-heading\">\u00bfExisten instrucciones especiales de conservaci\u00f3n para el comprimido Vyfat?<\/h3>\n\n\n\n<p>Mantener alejado del calor y la luz directos, preferiblemente por debajo de 30 grados Celsius. Evite la luz solar intensa y gu\u00e1rdelo en un lugar seco.<\/p>\n\n\n\n<h3 class=\"wp-block-heading\">\u00bfPueden tomarlo las mujeres embarazadas o en per\u00edodo de lactancia?<\/h3>\n\n\n\n<p>No es recomendable. Hay que consultar primero al m\u00e9dico.<\/p>\n\n\n\n<h3 class=\"wp-block-heading\">\u00bfEs seguro para los ni\u00f1os?<\/h3>\n\n\n\n<p>Vyfat 120 mg no est\u00e1 normalmente indicado para ni\u00f1os. Hable con un pediatra para el control de peso en ni\u00f1os.<\/p>\n\n\n\n<h3 class=\"wp-block-heading\">\u00bfQu\u00e9 debo hacer si me salto una dosis de Vyfat 120 (Orlistat)?<\/h3>\n\n\n\n<p>A menos que haya pasado m\u00e1s de una hora desde su \u00faltima comida sustancial, tome la dosis olvidada tan pronto como lo recuerde. Si es as\u00ed, tome la dosis olvidada y vuelva a su horario habitual. No tome dos dosis a la vez para compensar la que olvid\u00f3.<\/p>\n\n\n\n<h3 class=\"wp-block-heading\">\u00bfPuede tomarse Vyfat 120 mg comprimido con otros medicamentos para adelgazar?<\/h3>\n\n\n\n<p>Se sugiere no mezclar medicamentos para la reducci\u00f3n de peso. Por favor, hable con su m\u00e9dico.<\/p>\n\n\n\n<h3 class=\"wp-block-heading\">\u00bfPuede Vyfat 120 mg crear adicci\u00f3n?<\/h3>\n\n\n\n<p>No, Vyfat 120 no provoca adicci\u00f3n.<\/p>\n","protected":false},"excerpt":{"rendered":"<p>Vyfat 120 MG c\u00e1psulas tratan la obesidad, una condici\u00f3n m\u00e9dica caracterizada por un exceso de grasa corporal. Vyfat 120 MG est\u00e1 disponible para comprar en l\u00ednea en MedsExporter.com.<\/p>","protected":false},"featured_media":48367,"template":"","meta":{"_glsr_average":0,"_glsr_ranking":0,"_glsr_reviews":0},"product_brand":[],"product_cat":[4083,4081],"product_tag":[],"product_form":[4147],"class_list":{"0":"post-51000","1":"product","2":"type-product","3":"status-publish","4":"has-post-thumbnail","6":"product_cat-medicina-para-el-gestion-del-peso-fabricante-en-india","7":"product_cat-perdida-de-peso-de-drogas-fabricante-en-la-india","8":"product_form-fabricante-de-capsulas-en-la-india","10":"first","11":"instock","12":"shipping-taxable","13":"purchasable","14":"product-type-variable"},"_links":{"self":[{"href":"https:\/\/medsexporter.com\/es\/wp-json\/wp\/v2\/product\/51000","targetHints":{"allow":["GET"]}}],"collection":[{"href":"https:\/\/medsexporter.com\/es\/wp-json\/wp\/v2\/product"}],"about":[{"href":"https:\/\/medsexporter.com\/es\/wp-json\/wp\/v2\/types\/product"}],"wp:featuredmedia":[{"embeddable":true,"href":"https:\/\/medsexporter.com\/es\/wp-json\/wp\/v2\/media\/48367"}],"wp:attachment":[{"href":"https:\/\/medsexporter.com\/es\/wp-json\/wp\/v2\/media?parent=51000"}],"wp:term":[{"taxonomy":"product_brand","embeddable":true,"href":"https:\/\/medsexporter.com\/es\/wp-json\/wp\/v2\/product_brand?post=51000"},{"taxonomy":"product_cat","embeddable":true,"href":"https:\/\/medsexporter.com\/es\/wp-json\/wp\/v2\/product_cat?post=51000"},{"taxonomy":"product_tag","embeddable":true,"href":"https:\/\/medsexporter.com\/es\/wp-json\/wp\/v2\/product_tag?post=51000"},{"taxonomy":"product_form","embeddable":true,"href":"https:\/\/medsexporter.com\/es\/wp-json\/wp\/v2\/product_form?post=51000"}],"curies":[{"name":"wp","href":"https:\/\/api.w.org\/{rel}","templated":true}]}}