{"id":50976,"date":"2024-04-12T12:22:52","date_gmt":"2024-04-12T12:22:52","guid":{"rendered":"https:\/\/medsexporter.com\/product\/thyronorm-75mcg\/"},"modified":"2024-08-07T07:03:15","modified_gmt":"2024-08-07T07:03:15","slug":"thyronorm-75mcg","status":"publish","type":"product","link":"https:\/\/medsexporter.com\/es\/product\/thyronorm-75mcg\/","title":{"rendered":"Thyronorm 75mcg"},"content":{"rendered":"\n<p><strong>Thyronorm 75 mcg<\/strong> es un medicamento eficaz para el control de peso comercializado con la marca Synthroid. Este medicamento se utiliza para tratar el hipotiroidismo. Se compone del ingrediente activo, tiroxina s\u00f3dica, y ayuda a regular los niveles de control de peso y el metabolismo.<\/p>\n\n\n\n<p>Como Fabricante de Tiroxina S\u00f3dica de confianza, tenemos una capacidad de suministro de 1 mill\u00f3n de comprimidos al mes y nos encargamos de la entrega y la calidad de los medicamentos a nuestros clientes.<\/p>\n\n\n\n<h2 class=\"wp-block-heading\"><strong>Thyronorm 75 mcg comprimido &#8211; Usos<\/strong><\/h2>\n\n\n\n<p>Thyronorm 75 mcg es un comprimido eficaz utilizado para tratar el hipotiroidismo y controlar los problemas de peso. Ayuda a los pacientes a perder peso. Aqu\u00ed est\u00e1n los varios usos de las tabletas de Thyronorm:<\/p>\n\n\n\n<ul class=\"wp-block-list\">\n<li><strong>Control del peso:<\/strong><\/li>\n<\/ul>\n\n\n\n<p>Los comprimidos de Thyronorm se recetan para perder peso. Las personas que sufren de problemas de aumento de peso debido a la producci\u00f3n de la gl\u00e1ndula tiroides pueden utilizar este medicamento para reducir su peso.<\/p>\n\n\n\n<ul class=\"wp-block-list\">\n<li><strong>Tratar el hipotiroidismo:<\/strong><\/li>\n<\/ul>\n\n\n\n<p>Estos comprimidos se utilizan para tratar el hipotiroidismo. Es una enfermedad que se produce debido a la deficiencia de hormonas tiroideas. Provoca aumento de peso, fatiga, intolerancia al fr\u00edo y depresi\u00f3n. Este medicamento se utiliza para restaurar las funciones metab\u00f3licas y mejorar la producci\u00f3n de las gl\u00e1ndulas tiroides, por lo que cura el hipotiroidismo.<\/p>\n\n\n\n<h2 class=\"wp-block-heading\"><strong>\u00bfC\u00f3mo act\u00faa Thyronorm 75 en su organismo?<\/strong><\/h2>\n\n\n\n<p>Thyronorm 75 mcg comprimidos act\u00faa sustituyendo de forma adecuada las hormonas tiroideas que no producen las gl\u00e1ndulas tiroideas. Produce hormonas sint\u00e9ticas en el cuerpo, ayuda a reducir el peso y disminuye los s\u00edntomas del hipotiroidismo, que causa depresi\u00f3n, aumento de peso y cansancio.<\/p>\n\n\n\n<h2 class=\"wp-block-heading\"><strong>Posibles beneficios del medicamento Thyronorm 75 Tiroxina s\u00f3dica<\/strong><\/h2>\n\n\n\n<p>Son varios los beneficios de tomar Thyronorm 75 para perder peso:<\/p>\n\n\n\n<ul class=\"wp-block-list\">\n<li>Este medicamento es eficaz en el tratamiento del hipotiroidismo y ayuda a controlar el peso.<\/li>\n\n\n\n<li>Los comprimidos favorecen el funcionamiento metab\u00f3lico y ayudan a perder peso.<\/li>\n\n\n\n<li>Reduce la fatiga y mejora los niveles de energ\u00eda.<\/li>\n\n\n\n<li>Reduce los s\u00edntomas del estr\u00e9s y la depresi\u00f3n y mejora el bienestar mental.<\/li>\n\n\n\n<li>Reducir peso aporta confianza a la persona y mejora su calidad de vida.<\/li>\n<\/ul>\n\n\n\n<h2 class=\"wp-block-heading\"><strong>Thyronorm 75 mcg &#8211; Mayorista fiable y seguro<\/strong><\/h2>\n\n\n\n<p>Para garantizar la calidad y la eficacia del medicamento, es importante elegir un mayorista de Thyronorm 75 mcg fiable y de confianza. Nos comprometemos a ofrecer fiabilidad y calidad a nuestros clientes y a cumplir las normas de calidad a nivel mundial.<\/p>\n\n\n\n<p>Somos el l\u00edder <strong>Thyronorm 75 mcg tablet exportador<\/strong>, seguimos el estado de la t\u00e9cnica, y se adhieren a las medidas de calidad durante la fabricaci\u00f3n de medicamentos. Tenemos suficiente inventario para suministrar medicamentos en todo el mundo y satisfacer las necesidades de los clientes de acuerdo a su volumen de pedidos.<\/p>\n\n\n\n<h2 class=\"wp-block-heading\"><strong>Precios personalizados y basados en la ciencia de datos<\/strong><\/h2>\n\n\n\n<p>Disponemos de un modelo de precios personalizado para enviar presupuestos a nuestros clientes en funci\u00f3n de sus preferencias y necesidades. Nuestro enfoque de precios se basa en la ciencia de datos y ayuda a analizar los patrones de compra, las necesidades de los clientes y las tendencias del mercado. Esto nos permite garantizar que nuestros modelos de precios son justos para todos los clientes y satisfacen sus necesidades. Proporciona una gran satisfacci\u00f3n a todos los clientes.<\/p>\n\n\n\n<h2 class=\"wp-block-heading\"><strong>Condiciones de conservaci\u00f3n recomendadas para el comprimido Thyronorm 75 mcg<\/strong><\/h2>\n\n\n\n<p>Se aconseja almacenar adecuadamente el thyronorm y el thyroxine sodium para mantener su eficacia durante mucho tiempo.<\/p>\n\n\n\n<ul class=\"wp-block-list\">\n<li><strong>Temperatura:<\/strong> Cons\u00e9rvelo siempre a temperatura ambiente, entre 20 \u00b0C y 25 \u00b0C.<\/li>\n\n\n\n<li><strong>Luz:<\/strong> Gu\u00e1rdelo en un lugar oscuro y seco y mant\u00e9ngalo alejado de la luz.<\/li>\n\n\n\n<li><strong>Humedad:<\/strong> Mant\u00e9ngalo alejado de la humedad.<\/li>\n\n\n\n<li><strong>Embalaje:<\/strong> No lo saque de su envase porque reducir\u00e1 su eficacia.<\/li>\n<\/ul>\n\n\n\n<h2 class=\"wp-block-heading\"><strong>Servicio de env\u00edo r\u00e1pido y preciso<\/strong><\/h2>\n\n\n\n<p>Disponemos de un s\u00f3lido sistema log\u00edstico que garantiza la entrega puntual del comprimido de Tiroxina s\u00f3dica. Comprendemos las necesidades del cliente y la importancia de una entrega precisa y r\u00e1pida. Debido a esto, nuestro equipo trabaja en los pedidos a tiempo y los entrega de forma segura al destino correcto. Ofrecemos varias opciones de env\u00edo a los clientes, como servicios acelerados y entrega est\u00e1ndar, para que puedan elegir seg\u00fan sus necesidades instant\u00e1neas y recibir los pedidos a tiempo.<\/p>\n\n\n\n<h2 class=\"wp-block-heading\"><strong>Atenci\u00f3n al cliente 24*7<\/strong><\/h2>\n\n\n\n<p>Tenemos un equipo de atenci\u00f3n al cliente para ayudar a los clientes 24\/7 horas. Nuestro equipo ha trabajado para los clientes 24 horas y resuelto sus consultas y preocupaciones relacionadas con la tableta Hipotiroidismo. As\u00ed, cada vez que nuestros clientes tienen preguntas sobre el medicamento o necesitan ayuda antes o despu\u00e9s de realizar un pedido, nuestro equipo de atenci\u00f3n al cliente les ayuda y les proporciona una gran satisfacci\u00f3n. Esta es la raz\u00f3n por la que establecemos confianza con nuestros clientes y les damos tranquilidad en cada compra con nosotros.<\/p>\n\n\n\n<h2 class=\"wp-block-heading\"><strong>Preguntas frecuentes<\/strong><\/h2>\n\n\n\n<h3 class=\"wp-block-heading\"><strong>\u00bfEn qu\u00e9 condiciones debo tomar Thyronorm 75 mcg?<\/strong><\/h3>\n\n\n\n<p>Thyronorm 75 mcg se sugiere tomar para tratar problemas de hipotiroidismo y durante el viaje de p\u00e9rdida de peso.<\/p>\n\n\n\n<h3 class=\"wp-block-heading\"><strong>\u00bfCu\u00e1l es la dosis recomendada de Thyronorm comprimido para tratar el hipotiroidismo?<\/strong><\/h3>\n\n\n\n<p>La dosis recomendada del comprimido de Thyronorm es de 75mcg para tratar los problemas de hipotiroidismo.<\/p>\n\n\n\n<h3 class=\"wp-block-heading\"><strong>\u00bfCu\u00e1ndo puedo esperar ver los resultados de Thyronorm 75?<\/strong><\/h3>\n\n\n\n<p>Thyronorm 75mcg puede tardar de 6 a 8 semanas en dar resultados al organismo. Adem\u00e1s, para algunas personas, este medicamento puede necesitar mucho tiempo para obtener resultados efectivos.<\/p>\n\n\n\n<h3 class=\"wp-block-heading\"><strong>\u00bfEs seguro para los ni\u00f1os?<\/strong><\/h3>\n\n\n\n<p>S\u00ed, los comprimidos de Thyronorm son seguros para los ni\u00f1os. Los ni\u00f1os tambi\u00e9n pueden tomar este medicamento para perder peso bajo supervisi\u00f3n m\u00e9dica.<\/p>\n\n\n\n<h3 class=\"wp-block-heading\"><strong>\u00bfQu\u00e9 m\u00e9todos de pago aceptan?<\/strong><\/h3>\n\n\n\n<p>S\u00f3lo aceptamos pagos por transferencia bancaria para transacciones seguras y sin problemas. Por lo tanto, si realiza el pedido de Thyronorm 75 mcg con nosotros, debe realizar los pagos a trav\u00e9s de bancos.<\/p>\n\n\n\n<h3 class=\"wp-block-heading\"><strong>\u00bfC\u00f3mo puedo hacer el seguimiento de mi pedido?<\/strong><\/h3>\n\n\n\n<p>Una vez que enviemos su pedido, podr\u00e1 seguirlo utilizando su n\u00famero de seguimiento. Los n\u00fameros de seguimiento facilitan el seguimiento de los env\u00edos y la obtenci\u00f3n de informaci\u00f3n detallada sobre los pedidos.<\/p>\n","protected":false},"excerpt":{"rendered":"Thyronorm 75 mcg es un medicamento eficaz para el control de peso comercializado con la marca Synthroid. Este medicamento se utiliza para tratar el hipotiroidismo. Se compone del ingrediente activo, tiroxina s\u00f3dica, y ayuda a regular los niveles de control de peso y el metabolismo. Como Fabricante de Tiroxina S\u00f3dica de confianza, tenemos una capacidad [&hellip;]","protected":false},"featured_media":48364,"template":"","meta":{"_glsr_average":0,"_glsr_ranking":0,"_glsr_reviews":0},"product_brand":[],"product_cat":[4081,4083],"product_tag":[],"product_form":[4097],"class_list":{"0":"post-50976","1":"product","2":"type-product","3":"status-publish","4":"has-post-thumbnail","6":"product_cat-perdida-de-peso-de-drogas-fabricante-en-la-india","7":"product_cat-medicina-para-el-gestion-del-peso-fabricante-en-india","8":"product_form-fabricante-de-tabletas-en-india","10":"first","11":"instock","12":"shipping-taxable","13":"purchasable","14":"product-type-variable"},"_links":{"self":[{"href":"https:\/\/medsexporter.com\/es\/wp-json\/wp\/v2\/product\/50976","targetHints":{"allow":["GET"]}}],"collection":[{"href":"https:\/\/medsexporter.com\/es\/wp-json\/wp\/v2\/product"}],"about":[{"href":"https:\/\/medsexporter.com\/es\/wp-json\/wp\/v2\/types\/product"}],"wp:featuredmedia":[{"embeddable":true,"href":"https:\/\/medsexporter.com\/es\/wp-json\/wp\/v2\/media\/48364"}],"wp:attachment":[{"href":"https:\/\/medsexporter.com\/es\/wp-json\/wp\/v2\/media?parent=50976"}],"wp:term":[{"taxonomy":"product_brand","embeddable":true,"href":"https:\/\/medsexporter.com\/es\/wp-json\/wp\/v2\/product_brand?post=50976"},{"taxonomy":"product_cat","embeddable":true,"href":"https:\/\/medsexporter.com\/es\/wp-json\/wp\/v2\/product_cat?post=50976"},{"taxonomy":"product_tag","embeddable":true,"href":"https:\/\/medsexporter.com\/es\/wp-json\/wp\/v2\/product_tag?post=50976"},{"taxonomy":"product_form","embeddable":true,"href":"https:\/\/medsexporter.com\/es\/wp-json\/wp\/v2\/product_form?post=50976"}],"curies":[{"name":"wp","href":"https:\/\/api.w.org\/{rel}","templated":true}]}}