{"id":50291,"date":"2024-07-11T11:53:59","date_gmt":"2024-07-11T11:53:59","guid":{"rendered":"https:\/\/medsexporter.com\/product\/cabergolina-culturismo\/"},"modified":"2024-07-17T11:25:41","modified_gmt":"2024-07-17T11:25:41","slug":"cabergolina-culturismo","status":"publish","type":"product","link":"https:\/\/medsexporter.com\/es\/product\/cabergolina-culturismo\/","title":{"rendered":"Cabergolina Culturismo"},"content":{"rendered":"\n<h2 class=\"wp-block-heading\">\u00bfQu\u00e9 es la cabergolina?<\/h2>\n\n\n\n<p>La cabergolina es un medicamento oral que se prescribe principalmente para tratar trastornos causados \u200b\u200bpor niveles elevados de prolactina en el organismo.<\/p>\n\n\n\n<p>La prolactina es una hormona liberada por la gl\u00e1ndula pituitaria que desempe\u00f1a un papel vital en la producci\u00f3n de testosterona y esperma en los hombres, y es responsable de la producci\u00f3n de leche materna en las mujeres. Los niveles elevados de prolactina interfieren en las funciones normales de la gl\u00e1ndula pituitaria, lo que dificulta el funcionamiento de los test\u00edculos y disminuye la producci\u00f3n de testosterona y esperma en los hombres.<\/p>\n\n\n\n<p>La hormona testosterona tiene una gran importancia entre los culturistas. Los niveles adecuados de testosterona favorecen el crecimiento muscular y la p\u00e9rdida de grasa, fomentan un f\u00edsico m\u00e1s esbelto y tambi\u00e9n aumentan la energ\u00eda. Si se reduce debido a niveles elevados de prolactina, ser\u00e1 dif\u00edcil para los hombres lograr sus objetivos de culturismo. Esto requiere&nbsp;tabletas&nbsp;<strong>de cabergolina para culturismo .<\/strong><\/p>\n\n\n\n<h2 class=\"wp-block-heading\">Fabricante de cabergolina en la India<\/h2>\n\n\n\n<p><strong>Medsexporter.com<\/strong>&nbsp;se encuentra entre los principales&nbsp;<strong>fabricantes de cabergolina en la India. \u00bf<\/strong>&nbsp;D\u00f3nde puede comprar este suplemento para culturismo con garant\u00eda de calidad y precios asequibles? Somos conocidos por nuestros est\u00e1ndares de producci\u00f3n de alta gama, ya que cada uno de nuestros productos se somete a estrictos controles de calidad antes de ponerlos a la venta. No espere nada menos que medicamentos confiables y efectivos que cumplan con los objetivos de acondicionamiento f\u00edsico sin comprometer la salud y la seguridad.<\/p>\n\n\n\n<h2 class=\"wp-block-heading\">Formas y dosis de cabergolina<\/h2>\n\n\n\n<p>La cabergolina para el culturismo masculino es un tratamiento personalizado, por lo que la dosis y la frecuencia var\u00edan entre las personas. El profesional de la salud sugerir\u00e1 modificaciones en funci\u00f3n de la respuesta al tratamiento. En t\u00e9rminos de culturismo, se puede sugerir primero&nbsp;<strong>la tableta de cabergolina de 0,5 mg<\/strong>&nbsp;y se puede aumentar seg\u00fan las condiciones m\u00e9dicas, los objetivos de acondicionamiento f\u00edsico y las preferencias de la persona.<\/p>\n\n\n\n<h2 class=\"wp-block-heading\">\u00bfQu\u00e9 hace la cabergolina en los hombres?<\/h2>\n\n\n\n<p>La cabergolina es extremadamente beneficiosa para el culturismo en los hombres. Reduce los niveles altos de prolactina en el cuerpo y los regula a niveles normales para mejorar las funciones de la testosterona. Esta actividad contribuye a las funciones sexuales saludables en los hombres. Adem\u00e1s, favorece el equilibrio hormonal general del cuerpo masculino y reduce los s\u00edntomas de la hiperprolactinemia (como la ginecomastia o el agrandamiento del tejido mamario).<\/p>\n\n\n\n<h2 class=\"wp-block-heading\">Dosis de cabergolina como medicamento para el culturismo<\/h2>\n\n\n\n<p>La funci\u00f3n principal de las tabletas de cabergolina para el culturismo es controlar los niveles de prolactina en el cuerpo, espec\u00edficamente entre los culturistas que ya est\u00e1n en tratamiento con esteroides anab\u00f3licos. Los esteroides anab\u00f3licos pueden considerarse culpables de aumentar los niveles de prolactina hasta cierto punto. Por lo tanto, para lograr el equilibrio hormonal, la dosis de cabergolina suele oscilar entre 0,25 mg y 1 mg por semana. La dosis se puede dividir en dos p\u00edldoras por semana para una eficacia sostenida.<\/p>\n\n\n\n<p>Tenga en cuenta que esta es una pauta de dosificaci\u00f3n general, aunque la dosis real puede variar de una persona a otra. Por lo tanto, no comience un r\u00e9gimen de suplementos para el culturismo sin consultar a un profesional de la salud.<\/p>\n\n\n\n<h2 class=\"wp-block-heading\">\u00bfC\u00f3mo tomar cabergolina Culturismo?<\/h2>\n\n\n\n<p>Las tabletas de cabergolina para el culturismo se toman por v\u00eda oral, antes o despu\u00e9s de una comida. Trague la pastilla entera con un vaso de agua, ya que las pastillas partidas, trituradas o masticadas son menos efectivas. Intente tomar este medicamento a una hora fija para mantener una eficacia \u00f3ptima en el torrente sangu\u00edneo.<\/p>\n\n\n\n<p>Se debe tomar una o dos veces por semana, seg\u00fan lo indique el profesional de la salud. No abuse de este medicamento ya que puede ser potencialmente perjudicial para su bienestar.<\/p>\n\n\n\n<h2 class=\"wp-block-heading\">\u00bfC\u00f3mo es beneficiosa la cabergolina para el culturismo?<\/h2>\n\n\n\n<p>Este suplemento oral para el culturismo es popular entre los culturistas por razones obvias. A continuaci\u00f3n, se enumeran algunos de los numerosos beneficios que ofrece:<\/p>\n\n\n\n<ul class=\"wp-block-list\">\n<li><strong>Mejora los tiempos de recuperaci\u00f3n:<\/strong>\u00a0Los entrenamientos intensivos provocan fatiga y consumen energ\u00eda. Al utilizar este medicamento, el hombre tiene menos probabilidades de sentirse fatigado y puede continuar las sesiones de HIIT con gran resistencia. Tambi\u00e9n ayuda a mejorar el tiempo de recuperaci\u00f3n despu\u00e9s de sesiones de entrenamiento de alto impacto.<\/li>\n\n\n\n<li><strong>Control eficaz sobre los niveles de prolactina:<\/strong>\u00a0No hace falta decir que regula el equilibrio hormonal y reduce los niveles de prolactina a la normalidad, lo que previene s\u00edntomas como la ginecomastia.<\/li>\n\n\n\n<li><strong>Ayuda a regular los niveles de testosterona:<\/strong>\u00a0la testosterona es una hormona vital para el crecimiento y desarrollo muscular, as\u00ed como para mejorar el rendimiento atl\u00e9tico. Este medicamento ayuda a regular la testosterona a niveles ideales para lograr los resultados deseados.<\/li>\n<\/ul>\n\n\n\n<p>Comun\u00edquese con uno de los mejores&nbsp;<strong>proveedores de Cabergolina para obtener<\/strong>&nbsp;suplementos de culturismo de alta calidad, beneficiosos para la aptitud f\u00edsica como se merece.<\/p>\n\n\n\n<h2 class=\"wp-block-heading\">Efectos secundarios de las tabletas de cabergolina<\/h2>\n\n\n\n<p>Aunque este medicamento es bien tolerado, existen ciertos efectos secundarios comunes que son los siguientes:<\/p>\n\n\n\n<ul class=\"wp-block-list\">\n<li>N\u00e1useas<\/li>\n\n\n\n<li>Mareo<\/li>\n\n\n\n<li>Fatiga<\/li>\n\n\n\n<li>Dolor de cabeza<\/li>\n<\/ul>\n\n\n\n<p>Las personas que utilicen este medicamento por primera vez pueden experimentar s\u00edntomas durante algunos d\u00edas al principio. Estos s\u00edntomas desaparecer\u00e1n a medida que el cuerpo se acostumbre al medicamento. Sin embargo, si experimenta s\u00edntomas adversos inusuales, comun\u00edquese con un profesional de la salud lo antes posible. Pueden ser latidos card\u00edacos irregulares, signos psiqui\u00e1tricos, etc.<\/p>\n\n\n\n<h2 class=\"wp-block-heading\">Precio al por mayor de cabergolina<\/h2>\n\n\n\n<p>\u00bfEst\u00e1 buscando comprar tabletas de cabergolina como mayorista, distribuidor o proveedor de atenci\u00f3n m\u00e9dica? Perm\u00edtanos ayudarlo con el&nbsp;<strong>precio mayorista de cabergolina<\/strong>&nbsp;m\u00e1s competitivo . Somos uno de los proveedores y mayoristas m\u00e1s reconocidos de numerosos suplementos para el cuidado de la salud y el culturismo, incluido este. Ll\u00e1menos&nbsp;<strong>u<\/strong>&nbsp;opte por el soporte por chat para consultar sobre cualquier suplemento espec\u00edfico que necesite almacenar. \u00a1Nuestros ejecutivos le ofrecer\u00e1n ofertas impresionantes que nunca rechazar\u00e1!<\/p>\n\n\n\n<p><strong>Compre&nbsp;Cabergolina para el culturismo masculino<\/strong>&nbsp;con garant\u00eda de calidad del 100% de fabricantes y proveedores genuinos como&nbsp;<strong>Medsexporter.com<\/strong>&nbsp;.<\/p>\n","protected":false},"excerpt":{"rendered":"\u00bfQu\u00e9 es la cabergolina? La cabergolina es un medicamento oral que se prescribe principalmente para tratar trastornos causados \u200b\u200bpor niveles elevados de prolactina en el organismo. La prolactina es una hormona liberada por la gl\u00e1ndula pituitaria que desempe\u00f1a un papel vital en la producci\u00f3n de testosterona y esperma en los hombres, y es responsable de [&hellip;]","protected":false},"featured_media":49866,"template":"","meta":{"_glsr_average":0,"_glsr_ranking":0,"_glsr_reviews":0},"product_brand":[],"product_cat":[3936],"product_tag":[],"product_form":[],"class_list":{"0":"post-50291","1":"product","2":"type-product","3":"status-publish","4":"has-post-thumbnail","6":"product_cat-medicina-de-musculacion-fabricantes-en-india","8":"first","9":"instock","10":"shipping-taxable","11":"product-type-simple"},"_links":{"self":[{"href":"https:\/\/medsexporter.com\/es\/wp-json\/wp\/v2\/product\/50291","targetHints":{"allow":["GET"]}}],"collection":[{"href":"https:\/\/medsexporter.com\/es\/wp-json\/wp\/v2\/product"}],"about":[{"href":"https:\/\/medsexporter.com\/es\/wp-json\/wp\/v2\/types\/product"}],"wp:featuredmedia":[{"embeddable":true,"href":"https:\/\/medsexporter.com\/es\/wp-json\/wp\/v2\/media\/49866"}],"wp:attachment":[{"href":"https:\/\/medsexporter.com\/es\/wp-json\/wp\/v2\/media?parent=50291"}],"wp:term":[{"taxonomy":"product_brand","embeddable":true,"href":"https:\/\/medsexporter.com\/es\/wp-json\/wp\/v2\/product_brand?post=50291"},{"taxonomy":"product_cat","embeddable":true,"href":"https:\/\/medsexporter.com\/es\/wp-json\/wp\/v2\/product_cat?post=50291"},{"taxonomy":"product_tag","embeddable":true,"href":"https:\/\/medsexporter.com\/es\/wp-json\/wp\/v2\/product_tag?post=50291"},{"taxonomy":"product_form","embeddable":true,"href":"https:\/\/medsexporter.com\/es\/wp-json\/wp\/v2\/product_form?post=50291"}],"curies":[{"name":"wp","href":"https:\/\/api.w.org\/{rel}","templated":true}]}}