{"id":50251,"date":"2024-01-26T06:16:28","date_gmt":"2024-01-26T06:16:28","guid":{"rendered":"https:\/\/medsexporter.com\/servicios-de-fabricacion\/"},"modified":"2024-07-17T04:46:21","modified_gmt":"2024-07-17T04:46:21","slug":"servicios-de-fabricacion","status":"publish","type":"page","link":"https:\/\/medsexporter.com\/es\/servicios-de-fabricacion\/","title":{"rendered":"Servicios de fabricaci\u00f3n"},"content":{"rendered":"\n<div class=\"wp-block-group main-page-row py-5 is-vertical is-layout-flex wp-container-core-group-is-layout-8cf370e7 wp-block-group-is-layout-flex\">\n<div class=\"wp-block-group container is-nowrap is-layout-flex wp-container-core-group-is-layout-ad2f72ca wp-block-group-is-layout-flex\">\n<p><strong><a href=\"https:\/\/medsexporter.com\/es\/\">MedsExporter<\/a><\/strong>, una filial de <strong>Actiza Pharmaceutical Pvt. Ltd<\/strong>., se ha convertido en un fabricante farmac\u00e9utico excepcional con sede en la India desde su a\u00f1o de siembra en 2012. S\u00f3lo servicio de fabricaci\u00f3n no nos hace el nombre l\u00edder en las industrias. Hemos estado proporcionando servicios de fabricaci\u00f3n de gama alta, y sobre esa base, hemos obtenido una proporci\u00f3n de clientes repetidos del 98% desde el primer a\u00f1o de establecimiento.<\/p>\n<\/div>\n\n\n\n<p><p>A continuaci\u00f3n se enumeran algunos de los principales servicios de fabricaci\u00f3n que MedsExporter ofrece junto con la producci\u00f3n.<\/p><ul><br><li>Sofisticadas instalaciones construidas seg\u00fan las directrices de la OMS-GMP e ISO<\/li><br><li>Sistemas SAP y ERP para gestionar la programaci\u00f3n por lotes y los registros electr\u00f3nicos<\/li><br><li>Automatizaci\u00f3n en el pesaje preciso, control de inventario, dispensaci\u00f3n y otros procedimientos relacionados.<\/li><br><li>Gesti\u00f3n de desviaciones, CAPA y reclamaciones<\/li><br><li>Sistema de gesti\u00f3n de la informaci\u00f3n de laboratorio moderno y preciso<\/li><br><li>Formulaci\u00f3n, esterilizaci\u00f3n, envasado y procesamiento del medicamento<\/li><br><li>Procesamiento de f\u00e1rmacos con formulaciones, esterilizaci\u00f3n, llenado, etc.<\/li><br><li>Departamento de control de calidad especializado y totalmente equipado<\/li><br><li>Departamentos internos de envasado, desde el dise\u00f1o hasta el envasado en un solo lugar<\/li><br><li>Etiquetado, almacenamiento y manipulaci\u00f3n por un departamento independiente propiedad de Medsexporter.<\/li><br><li>Se garantiza la seguridad del producto<\/li><br><li>Auditor\u00eda puntual de las existencias almacenadas<\/li><br><li>Producci\u00f3n automatizada con supervisi\u00f3n en tiempo real y mantenimiento del inventario<\/li><\/ul><\/p>\n\n\n\n<p><ul><li>Integraci\u00f3n entre todos los departamentos y el personal<\/li><br><\/ul><br><\/p>\n<\/div>\n","protected":false},"excerpt":{"rendered":"MedsExporter, una filial de Actiza Pharmaceutical Pvt. Ltd., se ha convertido en un fabricante farmac\u00e9utico excepcional con sede en la India desde su a\u00f1o de siembra en 2012. S\u00f3lo servicio de fabricaci\u00f3n no nos hace el nombre l\u00edder en las industrias. Hemos estado proporcionando servicios de fabricaci\u00f3n de gama alta, y sobre esa base, hemos [&hellip;]","protected":false},"author":1,"featured_media":0,"parent":0,"menu_order":0,"comment_status":"closed","ping_status":"closed","template":"templates\/page-template.php","meta":{"_glsr_average":0,"_glsr_ranking":0,"_glsr_reviews":0,"footnotes":""},"class_list":["post-50251","page","type-page","status-publish","hentry"],"_links":{"self":[{"href":"https:\/\/medsexporter.com\/es\/wp-json\/wp\/v2\/pages\/50251","targetHints":{"allow":["GET"]}}],"collection":[{"href":"https:\/\/medsexporter.com\/es\/wp-json\/wp\/v2\/pages"}],"about":[{"href":"https:\/\/medsexporter.com\/es\/wp-json\/wp\/v2\/types\/page"}],"author":[{"embeddable":true,"href":"https:\/\/medsexporter.com\/es\/wp-json\/wp\/v2\/users\/1"}],"replies":[{"embeddable":true,"href":"https:\/\/medsexporter.com\/es\/wp-json\/wp\/v2\/comments?post=50251"}],"version-history":[{"count":2,"href":"https:\/\/medsexporter.com\/es\/wp-json\/wp\/v2\/pages\/50251\/revisions"}],"predecessor-version":[{"id":50258,"href":"https:\/\/medsexporter.com\/es\/wp-json\/wp\/v2\/pages\/50251\/revisions\/50258"}],"wp:attachment":[{"href":"https:\/\/medsexporter.com\/es\/wp-json\/wp\/v2\/media?parent=50251"}],"curies":[{"name":"wp","href":"https:\/\/api.w.org\/{rel}","templated":true}]}}