{"id":49713,"date":"2024-04-08T04:47:38","date_gmt":"2024-04-08T04:47:38","guid":{"rendered":"https:\/\/medsexporter.com\/presencia-mundial\/"},"modified":"2024-07-17T05:05:29","modified_gmt":"2024-07-17T05:05:29","slug":"presencia-mundial","status":"publish","type":"page","link":"https:\/\/medsexporter.com\/es\/presencia-mundial\/","title":{"rendered":"Presencia mundial"},"content":{"rendered":"\n<h2 class=\"wp-block-heading\"><strong>Comprender los actuales retos farmac\u00e9uticos mundiales<\/strong><\/h2>\n\n\n\n<p>Para poder crear una presencia global en el sector farmac\u00e9utico, una empresa necesita conocer los retos y situaciones farmac\u00e9uticas globales actuales. <a href=\"https:\/\/medsexporter.com\/es\/\"><strong>MedsExporter<\/strong><\/a> tiene promotores que han sido grandes jugadores en el sector de la salud durante mucho tiempo y con un equipo profesional, hemos estado accediendo con \u00e9xito a las tendencias mundiales, los cambios, las nuevas leyes, las demandas de los clientes, las opciones y selecciones de los clientes, y todos los temas de actualidad de este sector que define el futuro del sector de la salud. Con la visi\u00f3n de los pr\u00f3ximos 10 a\u00f1os, Medsexporter ha estado navegando ya que entiende el viento y est\u00e1 equipado con un sistema adecuado para el prop\u00f3sito.<\/p>\n\n\n\n<h2 class=\"wp-block-heading\"><strong>Innovaci\u00f3n para atender al sector farmac\u00e9utico mundial<\/strong><\/h2>\n\n\n\n<p>Satisfacer las necesidades farmac\u00e9uticas mundiales es un reto, y lo afrontamos mediante la innovaci\u00f3n continua tanto en el frente de la gesti\u00f3n como en el de la fabricaci\u00f3n. A nivel de gesti\u00f3n, medsexporter ha contratado a expertos que aportan creatividad y compromiso. Con ello, implementamos nuevas formas de trabajar que incluyen tareas basadas en IA que facilitan y agilizan el trabajo, y nuestros clientes obtienen respuestas r\u00e1pidas y resultados r\u00e1pidos.<\/p>\n\n\n\n<p>A nivel de fabricaci\u00f3n, MedsExporter actualiza continuamente la maquinaria de la planta con la \u00faltima tecnolog\u00eda, adem\u00e1s de centrarse en el personal adecuado y su formaci\u00f3n. La planta es la columna vertebral de una empresa farmac\u00e9utica, donde se fabrica el producto, y MedsExporter cuenta con un departamento dedicado a manejarla y gestionarla espec\u00edficamente. Podemos personalizar nuestra planta y su producci\u00f3n seg\u00fan los requisitos del cliente.<\/p>\n\n\n\n<h2 class=\"wp-block-heading\"><strong>Huellas mundiales<\/strong><\/h2>\n\n\n\n<p>En nuestro viaje por la sanidad, hemos creado buena voluntad en los mercados extranjeros, y eso gracias a la presencia mundial que hemos desarrollado. Para una empresa india que suministra productos farmac\u00e9uticos a los precios m\u00e1s bajos posibles, es un logro notable. Aunque la India es un centro farmac\u00e9utico mundial, crear una presencia global como empresa india nos enorgullece.<\/p>\n\n\n\n<p>Siempre hemos cre\u00eddo en servir a clientes de todo el mundo, y tambi\u00e9n est\u00e1 en nuestra visi\u00f3n y nuestra declaraci\u00f3n de objetivos. Con la ayuda de los promotores de la empresa, que cuentan con m\u00e1s de una d\u00e9cada de experiencia en atenci\u00f3n sanitaria, hemos conseguido superar nuestros resultados desde nuestros inicios.<\/p>\n\n\n\n<h2 class=\"wp-block-heading\"><strong>Nuestra visi\u00f3n del negocio farmac\u00e9utico mundial y nuestra presencia<\/strong><\/h2>\n\n\n\n<p>En el mercado farmac\u00e9utico mundial existe un enorme vac\u00edo en cuanto a productos y precios adecuados con la calidad adecuada. Hemos descubierto nuestro PMF (product market fit) en una fase muy temprana de la puesta en marcha del negocio. Los expertos de medsexportar.com han dise\u00f1ado una red de negocios inteligentemente creada y ejecutada que ha establecido nuestra presencia con el PMF adecuado. Nuestra visi\u00f3n y misi\u00f3n se correlacionaron y sincronizaron perfectamente para obtener nuestra presencia global en el sector farmac\u00e9utico.<\/p>\n\n\n\n<p>Encontrar el hueco y crear el PMF adecuado fue el primer paso; nuestra visi\u00f3n de nuestra presencia global en el negocio farmac\u00e9utico mundial es amplia. Hemos formado un equipo que nos busca constantemente nuevos mercados y, al mismo tiempo, creamos productos de calidad para entrar en ellos. Nos vemos estableciendo permanentemente nuestra huella en 50 pa\u00edses m\u00e1s en los pr\u00f3ximos 5 a\u00f1os.<\/p>\n\n\n\n<h2 class=\"wp-block-heading\"><strong>Nuestras asociaciones mundiales<\/strong><\/h2>\n\n\n\n<p>Otro pilar de medsexportar.com son nuestras asociaciones mundiales, que se extienden por todos los continentes y abarcan m\u00e1s de 50 pa\u00edses. Ellos est\u00e1n operando nuestras operaciones de manera eficiente y nos dan una ventaja en suelo extranjero por lo tanto, somos capaces de servir a nuestros clientes con productos y servicios de calidad. Nuestros asociados han hecho que nuestra presencia global sea m\u00e1s fuerte, n\u00edtida e impresionante.<\/p>\n\n\n\n<p>Hemos elegido a nuestros socios y asociados con escrutinio; queremos personas que puedan conectar con nuestros clientes, resolver problemas cotidianos, orientarles y crear una relaci\u00f3n. Estas son las cosas que hay que gestionar a nivel personal. Hemos creado un gran v\u00ednculo con nuestros asociados y, a trav\u00e9s de ellos, con nuestros clientes.<\/p>\n\n\n\n<h2 class=\"wp-block-heading\"><strong>D\u00f3nde vemos MedsExporter en un escenario farmac\u00e9utico global<\/strong><\/h2>\n\n\n\n<p>Los expertos son optimistas sobre el crecimiento farmac\u00e9utico mundial en los pr\u00f3ximos 10 a\u00f1os, y nosotros tambi\u00e9n hemos elaborado nuestra estrategia para el mismo periodo. Tenemos un plan para duplicar el porcentaje de crecimiento farmac\u00e9utico mundial de aqu\u00ed a 2030, que se sit\u00faa en torno al 6,5% anual. Medsexporter tiene un enfoque dedicado a su estrategia de negocio a 10 a\u00f1os, y para ello, estamos muy en sinton\u00eda con el mercado, las necesidades de nuestros clientes, la innovaci\u00f3n en tecnolog\u00eda, la expansi\u00f3n de las plantas para nuestra unidad de fabricaci\u00f3n, y el enfoque en la facilidad de hacer negocios. A trav\u00e9s de diversas medidas, estamos creando nuestro propio espacio en el escenario farmac\u00e9utico mundial para la pr\u00f3xima d\u00e9cada.<\/p>\n\n\n\n<h2 class=\"wp-block-heading\"><strong>Calidad internacional en todos los productos<\/strong><\/h2>\n\n\n\n<p>La FDA, la OMS, las GMP y otras organizaciones han elaborado una serie de normas, reglamentos y pol\u00edticas que deben seguir todos los fabricantes de productos farmac\u00e9uticos, y nosotros las cumplimos rigurosamente. Nuestras unidades de fabricaci\u00f3n siguen todas las normas tambi\u00e9n. Todos nuestros productos est\u00e1n calificados y de pie alto en todas las normas. Tenemos un departamento dedicado dirigido por profesionales que se ocupan de todas las normas, reglamentos, patentes, el trabajo legal, las acusaciones de materias primas, y todos los dem\u00e1s pasos necesarios que deben tomarse para una producci\u00f3n de calidad genuina que cumple con la calidad internacional de todos nuestros productos farmac\u00e9uticos.<\/p>\n","protected":false},"excerpt":{"rendered":"Comprender los actuales retos farmac\u00e9uticos mundiales Para poder crear una presencia global en el sector farmac\u00e9utico, una empresa necesita conocer los retos y situaciones farmac\u00e9uticas globales actuales. MedsExporter tiene promotores que han sido grandes jugadores en el sector de la salud durante mucho tiempo y con un equipo profesional, hemos estado accediendo con \u00e9xito a [&hellip;]","protected":false},"author":1,"featured_media":0,"parent":0,"menu_order":0,"comment_status":"closed","ping_status":"closed","template":"","meta":{"_glsr_average":0,"_glsr_ranking":0,"_glsr_reviews":0,"footnotes":""},"class_list":["post-49713","page","type-page","status-publish","hentry"],"_links":{"self":[{"href":"https:\/\/medsexporter.com\/es\/wp-json\/wp\/v2\/pages\/49713","targetHints":{"allow":["GET"]}}],"collection":[{"href":"https:\/\/medsexporter.com\/es\/wp-json\/wp\/v2\/pages"}],"about":[{"href":"https:\/\/medsexporter.com\/es\/wp-json\/wp\/v2\/types\/page"}],"author":[{"embeddable":true,"href":"https:\/\/medsexporter.com\/es\/wp-json\/wp\/v2\/users\/1"}],"replies":[{"embeddable":true,"href":"https:\/\/medsexporter.com\/es\/wp-json\/wp\/v2\/comments?post=49713"}],"version-history":[{"count":3,"href":"https:\/\/medsexporter.com\/es\/wp-json\/wp\/v2\/pages\/49713\/revisions"}],"predecessor-version":[{"id":49853,"href":"https:\/\/medsexporter.com\/es\/wp-json\/wp\/v2\/pages\/49713\/revisions\/49853"}],"wp:attachment":[{"href":"https:\/\/medsexporter.com\/es\/wp-json\/wp\/v2\/media?parent=49713"}],"curies":[{"name":"wp","href":"https:\/\/api.w.org\/{rel}","templated":true}]}}